{"id":994,"date":"2018-03-17T16:51:13","date_gmt":"2018-03-17T15:51:13","guid":{"rendered":"http:\/\/www.leslabadous.fr\/welcome-to-les-labadous-copy\/"},"modified":"2018-08-20T04:38:24","modified_gmt":"2018-08-20T03:38:24","slug":"welcome-to-les-labadous-copy","status":"publish","type":"page","link":"https:\/\/www.leslabadous.fr\/?page_id=994","title":{"rendered":"Bienvenus aux Labadous"},"content":{"rendered":"<p><img loading=\"lazy\" decoding=\"async\" src=\"http:\/\/www.leslabadous.fr\/wp-content\/uploads\/2018\/01\/Aerial-LL2SE-DJI_0062-sm-300x300.jpg\" alt=\"\" width=\"300\" height=\"300\" class=\"size-medium wp-image-519 alignright\" srcset=\"https:\/\/www.leslabadous.fr\/wp-content\/uploads\/2018\/01\/Aerial-LL2SE-DJI_0062-sm-300x300.jpg 300w, https:\/\/www.leslabadous.fr\/wp-content\/uploads\/2018\/01\/Aerial-LL2SE-DJI_0062-sm-150x150.jpg 150w, https:\/\/www.leslabadous.fr\/wp-content\/uploads\/2018\/01\/Aerial-LL2SE-DJI_0062-sm-768x767.jpg 768w, https:\/\/www.leslabadous.fr\/wp-content\/uploads\/2018\/01\/Aerial-LL2SE-DJI_0062-sm-1024x1022.jpg 1024w, https:\/\/www.leslabadous.fr\/wp-content\/uploads\/2018\/01\/Aerial-LL2SE-DJI_0062-sm.jpg 1124w\" sizes=\"auto, (max-width: 300px) 100vw, 300px\" \/>Le Centre Les Labadous, c&#8217;est un endroit paisible. Le nom, dans l&#8217;ancienne langue occitane, fait r\u00e9f\u00e9rence au lavage, la purification. Nous sommes nombreux \u00e0 y trouver une \u00e9nergie sereine et tranquille qui nous permet d&#8217;acc\u00e9der \u00e0 l&#8217;essentiel au-del\u00e0 d&#8217;une vie active bien remplie.<\/p>\n<p>Le Centre Les Labadous propose des <a href=\"http:\/\/www.leslabadous.fr\/rooms-copy\/\" target=\"_blank\" rel=\"noopener\">chambres<\/a>, des <a href=\"http:\/\/www.leslabadous.fr\/studios-gites-copy\/\" target=\"_blank\" rel=\"noopener\">g\u00eetes<\/a> et des <a href=\"http:\/\/www.leslabadous.fr\/apartments-2\/\" target=\"_blank\" rel=\"noopener\">appartements<\/a>\u00a0bien \u00e9quip\u00e9s. Pour les groupes, une grande salle commune peut accueillir jusqu&#8217;\u00e0 80 personnes.<\/p>\n<p>Le Centre est situ\u00e9 dans la vall\u00e9e au sud de Rennes-le-Ch\u00e2teau, le long du Ruisseau de Couleurs, bord\u00e9 d&#8217;immenses peupliers noirs.<\/p>\n<p><img loading=\"lazy\" decoding=\"async\" src=\"http:\/\/www.leslabadous.fr\/wp-content\/uploads\/2018\/01\/Lions2Rennes-le-Ch\u00e2teau-P1000351-sm-1-300x169.jpg\" alt=\"\" width=\"300\" height=\"169\" class=\"size-medium wp-image-634 alignleft\" srcset=\"https:\/\/www.leslabadous.fr\/wp-content\/uploads\/2018\/01\/Lions2Rennes-le-Ch\u00e2teau-P1000351-sm-1-300x169.jpg 300w, https:\/\/www.leslabadous.fr\/wp-content\/uploads\/2018\/01\/Lions2Rennes-le-Ch\u00e2teau-P1000351-sm-1-768x431.jpg 768w, https:\/\/www.leslabadous.fr\/wp-content\/uploads\/2018\/01\/Lions2Rennes-le-Ch\u00e2teau-P1000351-sm-1-1024x575.jpg 1024w, https:\/\/www.leslabadous.fr\/wp-content\/uploads\/2018\/01\/Lions2Rennes-le-Ch\u00e2teau-P1000351-sm-1.jpg 1280w\" sizes=\"auto, (max-width: 300px) 100vw, 300px\" \/><\/p>\n<p><img loading=\"lazy\" decoding=\"async\" src=\"http:\/\/www.leslabadous.fr\/wp-content\/uploads\/2018\/01\/Maria-Magdalena-P1060858-str2-115x300.jpg\" alt=\"\" width=\"115\" height=\"300\" class=\"size-medium wp-image-585 alignright\" style=\"color: #555555; font-size: 17px;\" srcset=\"https:\/\/www.leslabadous.fr\/wp-content\/uploads\/2018\/01\/Maria-Magdalena-P1060858-str2-115x300.jpg 115w, https:\/\/www.leslabadous.fr\/wp-content\/uploads\/2018\/01\/Maria-Magdalena-P1060858-str2-768x1999.jpg 768w, https:\/\/www.leslabadous.fr\/wp-content\/uploads\/2018\/01\/Maria-Magdalena-P1060858-str2-393x1024.jpg 393w, https:\/\/www.leslabadous.fr\/wp-content\/uploads\/2018\/01\/Maria-Magdalena-P1060858-str2.jpg 1005w\" sizes=\"auto, (max-width: 115px) 100vw, 115px\" \/><\/p>\n<p><a href=\"http:\/\/www.leslabadous.fr\/rennes-le-chateau-copy\/\" target=\"_blank\" rel=\"noopener\">Rennes-le-Ch\u00e2teau<\/a> est un petit village, renomm\u00e9 \u00e0 la fois pour son emplacement et son histoire qui remonte \u00e0 l&#8217;Antiquit\u00e9. En plus de vues fabuleuses depuis le sommet de la colline, il offre de nombreuses attractions qui \u00e9voquent des l\u00e9gendes, anciennes et nouvelles, surtout celles autour de B\u00e9renger Sauni\u00e8re, le \u00abpr\u00eatre millionnaire\u00bb. Son h\u00e9ritage comprend la Tour Magdala, la Villa Bethania, un joli jardin et la c\u00e9l\u00e8bre \u00e9glise d\u00e9di\u00e9e \u00e0 Marie-Madeleine (avec un \u00e9trange support du b\u00e9nitier, un diable)&#8230; ainsi que tant de questions.<\/p>\n<div id=\"attachment_195\" style=\"width: 194px\" class=\"wp-caption alignleft\"><img loading=\"lazy\" decoding=\"async\" aria-describedby=\"caption-attachment-195\" src=\"http:\/\/www.leslabadous.fr\/wp-content\/uploads\/2017\/12\/Cit\u00e9-walls-P1000639-sm-169x300.jpg\" alt=\"\" width=\"184\" height=\"341\" class=\"wp-image-195 \" \/><p id=\"caption-attachment-195\" class=\"wp-caption-text\">La Cit\u00e9 de Carcassonne<\/p><\/div>\n<div id=\"attachment_196\" style=\"width: 190px\" class=\"wp-caption alignright\"><img loading=\"lazy\" decoding=\"async\" aria-describedby=\"caption-attachment-196\" src=\"http:\/\/www.leslabadous.fr\/wp-content\/uploads\/2017\/12\/FontaineDesAmours-2016-sm-169x300.jpg\" alt=\"\" width=\"180\" height=\"328\" class=\" wp-image-196\" \/><p id=\"caption-attachment-196\" class=\"wp-caption-text\">La Fontaine des Amours<\/p><\/div>\n<p>Le Centre Les Labadous est situ\u00e9 en plein coeur du &#8220;Pays Cathare&#8221;. Des paysages d&#8217;une beaut\u00e9 et d&#8217;un contraste saisissant vous invitent \u00e0 l&#8217;exploration. Il y a des sources et des \u00e9tangs d\u2019un calme magique, telle la Fontaine des Amours. Les for\u00eats et les vall\u00e9es ouvertes offrent une vari\u00e9t\u00e9 infinie de promenades. Le Pech Bugarach et le Pech Cardou, des montagnes c\u00e9l\u00e8bres, rajoutent des randonn\u00e9es avec de superbes vues. Ou alors vous pouvez explorer l&#8217;un des <a href=\"http:\/\/www.leslabadous.fr\/castles-and-fortresses-to-visit-copy\/\" target=\"_blank\" rel=\"noopener\">ch\u00e2teaux cathares<\/a>, une <a href=\"http:\/\/www.leslabadous.fr\/castles-and-fortresses-to-visit-copy\/\" target=\"_blank\" rel=\"noopener\">forteresse m\u00e9di\u00e9vale<\/a>, visiter une <a href=\"http:\/\/www.leslabadous.fr\/abbeies-et-monasteres\/\" target=\"_blank\" rel=\"noopener\">abbaye<\/a> ou une \u00e9glise tranquille, d\u00e9couvrir une grotte, traverser une gorge impressionnante, vous perdre dans un labyrinthe vert&#8230; ou essayer de ne pas le faire !<\/p>\n<p>Certains visiteurs sont fascin\u00e9s par la g\u00e9om\u00e9trie sacr\u00e9e, les ovnis du Bugarach, les Templiers, le Saint Graal et l&#8217;Arc du Covenant&#8230; Plus de 600 livres ont \u00e9t\u00e9 \u00e9crits sur ces sujets, inspir\u00e9s par les tr\u00e9sors et les myst\u00e8res de Rennes-le-Ch\u00e2teau. Certains sont des best-sellers comme &#8220;Le Saint-Sang et le Saint-Graal&#8221; et le &#8220;Code Da Vinci&#8221;.<\/p>\n<p><img loading=\"lazy\" decoding=\"async\" src=\"http:\/\/www.leslabadous.fr\/wp-content\/uploads\/2018\/01\/Hikes-fromLL-P1030063-sm-169x300.jpg\" alt=\"\" width=\"169\" height=\"300\" class=\"size-medium wp-image-636 alignright\" style=\"color: #555555; font-size: 17px;\" srcset=\"https:\/\/www.leslabadous.fr\/wp-content\/uploads\/2018\/01\/Hikes-fromLL-P1030063-sm-169x300.jpg 169w, https:\/\/www.leslabadous.fr\/wp-content\/uploads\/2018\/01\/Hikes-fromLL-P1030063-sm-576x1024.jpg 576w, https:\/\/www.leslabadous.fr\/wp-content\/uploads\/2018\/01\/Hikes-fromLL-P1030063-sm.jpg 720w\" sizes=\"auto, (max-width: 169px) 100vw, 169px\" \/><\/p>\n<div id=\"attachment_197\" style=\"width: 285px\" class=\"wp-caption alignleft\"><img loading=\"lazy\" decoding=\"async\" aria-describedby=\"caption-attachment-197\" src=\"http:\/\/www.leslabadous.fr\/wp-content\/uploads\/2017\/12\/Lac_de_Bugarach-P1030094-sm-300x225.jpg\" alt=\"\" width=\"275\" height=\"206\" class=\" wp-image-197\" srcset=\"https:\/\/www.leslabadous.fr\/wp-content\/uploads\/2017\/12\/Lac_de_Bugarach-P1030094-sm-300x225.jpg 300w, https:\/\/www.leslabadous.fr\/wp-content\/uploads\/2017\/12\/Lac_de_Bugarach-P1030094-sm-768x576.jpg 768w, https:\/\/www.leslabadous.fr\/wp-content\/uploads\/2017\/12\/Lac_de_Bugarach-P1030094-sm-1024x768.jpg 1024w, https:\/\/www.leslabadous.fr\/wp-content\/uploads\/2017\/12\/Lac_de_Bugarach-P1030094-sm.jpg 1280w\" sizes=\"auto, (max-width: 275px) 100vw, 275px\" \/><p id=\"caption-attachment-197\" class=\"wp-caption-text\">Lac de la V\u00e8ne \u00e0 Bugarach<\/p><\/div>\n<p>Les environs naturels de Rennes et des Labadous sont intacts. Vous pouvez marcher pendant des heures sans rencontrer personne. La nourriture r\u00e9gionale est savoureuse, le choix des vins est vaste : des rouges riches, des ros\u00e9s \u00e9l\u00e9gants, des blancs p\u00e9tillants. Pour un ap\u00e9ro, ne ratez pas la c\u00e9l\u00e8bre <em>Blanquette de Limoux !<\/em><\/p>\n<p><em><img loading=\"lazy\" decoding=\"async\" src=\"http:\/\/www.leslabadous.fr\/wp-content\/uploads\/2017\/12\/Nebias_meditation-P1030235-sm-200x300.jpg\" alt=\"\" width=\"180\" height=\"270\" class=\" wp-image-198 alignleft\" srcset=\"https:\/\/www.leslabadous.fr\/wp-content\/uploads\/2017\/12\/Nebias_meditation-P1030235-sm-200x300.jpg 200w, https:\/\/www.leslabadous.fr\/wp-content\/uploads\/2017\/12\/Nebias_meditation-P1030235-sm-768x1151.jpg 768w, https:\/\/www.leslabadous.fr\/wp-content\/uploads\/2017\/12\/Nebias_meditation-P1030235-sm-683x1024.jpg 683w, https:\/\/www.leslabadous.fr\/wp-content\/uploads\/2017\/12\/Nebias_meditation-P1030235-sm.jpg 854w\" sizes=\"auto, (max-width: 180px) 100vw, 180px\" \/><\/em><\/p>\n<p>Le <em>Centre Les Labadous<\/em> vous accueille dans cet endroit particulier. Un lieu de repos, de cr\u00e9ation, de gu\u00e9rison, de m\u00e9ditation, d&#8217;\u00e9criture ou de peinture, de r\u00e9flexion sur la vie.<\/p>\n<p>Pour plus d&#8217;informations, contactez-nous.<em><\/em><\/p>\n","protected":false},"excerpt":{"rendered":"<p>Le Centre Les Labadous, c&#8217;est un endroit paisible. Le nom, dans l&#8217;ancienne langue occitane, fait r\u00e9f\u00e9rence au lavage, la purification. Nous sommes nombreux \u00e0 y trouver une \u00e9nergie sereine et tranquille qui nous permet d&#8217;acc\u00e9der \u00e0 l&#8217;essentiel au-del\u00e0 d&#8217;une vie active bien remplie. Le Centre Les Labadous propose des chambres, [&hellip;]<\/p>\n","protected":false},"author":2,"featured_media":19,"parent":0,"menu_order":0,"comment_status":"closed","ping_status":"closed","template":"","meta":{"footnotes":""},"class_list":["post-994","page","type-page","status-publish","has-post-thumbnail","hentry"],"_links":{"self":[{"href":"https:\/\/www.leslabadous.fr\/index.php?rest_route=\/wp\/v2\/pages\/994","targetHints":{"allow":["GET"]}}],"collection":[{"href":"https:\/\/www.leslabadous.fr\/index.php?rest_route=\/wp\/v2\/pages"}],"about":[{"href":"https:\/\/www.leslabadous.fr\/index.php?rest_route=\/wp\/v2\/types\/page"}],"author":[{"embeddable":true,"href":"https:\/\/www.leslabadous.fr\/index.php?rest_route=\/wp\/v2\/users\/2"}],"replies":[{"embeddable":true,"href":"https:\/\/www.leslabadous.fr\/index.php?rest_route=%2Fwp%2Fv2%2Fcomments&post=994"}],"version-history":[{"count":15,"href":"https:\/\/www.leslabadous.fr\/index.php?rest_route=\/wp\/v2\/pages\/994\/revisions"}],"predecessor-version":[{"id":1411,"href":"https:\/\/www.leslabadous.fr\/index.php?rest_route=\/wp\/v2\/pages\/994\/revisions\/1411"}],"wp:featuredmedia":[{"embeddable":true,"href":"https:\/\/www.leslabadous.fr\/index.php?rest_route=\/wp\/v2\/media\/19"}],"wp:attachment":[{"href":"https:\/\/www.leslabadous.fr\/index.php?rest_route=%2Fwp%2Fv2%2Fmedia&parent=994"}],"curies":[{"name":"wp","href":"https:\/\/api.w.org\/{rel}","templated":true}]}}