{"id":987,"date":"2018-03-17T16:42:55","date_gmt":"2018-03-17T15:42:55","guid":{"rendered":"http:\/\/www.leslabadous.fr\/reservation-request-copy\/"},"modified":"2018-03-29T09:11:15","modified_gmt":"2018-03-29T08:11:15","slug":"reservation-request-copy","status":"publish","type":"page","link":"https:\/\/www.leslabadous.fr\/?page_id=987","title":{"rendered":"Demande de r\u00e9servation"},"content":{"rendered":"\n<div class=\"wpcf7 no-js\" id=\"wpcf7-f1210-o1\" lang=\"en-US\" dir=\"ltr\" data-wpcf7-id=\"1210\">\n<div class=\"screen-reader-response\"><p role=\"status\" aria-live=\"polite\" aria-atomic=\"true\"><\/p> <ul><\/ul><\/div>\n<form action=\"\/index.php?rest_route=%2Fwp%2Fv2%2Fpages%2F987#wpcf7-f1210-o1\" method=\"post\" class=\"wpcf7-form init\" aria-label=\"Contact form\" novalidate=\"novalidate\" data-status=\"init\">\n<fieldset class=\"hidden-fields-container\"><input type=\"hidden\" name=\"_wpcf7\" value=\"1210\" \/><input type=\"hidden\" name=\"_wpcf7_version\" value=\"6.1.4\" \/><input type=\"hidden\" name=\"_wpcf7_locale\" value=\"en_US\" \/><input type=\"hidden\" name=\"_wpcf7_unit_tag\" value=\"wpcf7-f1210-o1\" \/><input type=\"hidden\" name=\"_wpcf7_container_post\" value=\"0\" \/><input type=\"hidden\" name=\"_wpcf7_posted_data_hash\" value=\"\" \/>\n<\/fieldset>\n<p>Pr\u00e9nom *<br \/>\n<span class=\"wpcf7-form-control-wrap\" data-name=\"first-name\"><input size=\"40\" maxlength=\"400\" class=\"wpcf7-form-control wpcf7-text wpcf7-validates-as-required\" aria-required=\"true\" aria-invalid=\"false\" value=\"\" type=\"text\" name=\"first-name\" \/><\/span>\n<\/p>\n<p>Nom de famille *<br \/>\n<span class=\"wpcf7-form-control-wrap\" data-name=\"last-name\"><input size=\"40\" maxlength=\"400\" class=\"wpcf7-form-control wpcf7-text wpcf7-validates-as-required\" aria-required=\"true\" aria-invalid=\"false\" value=\"\" type=\"text\" name=\"last-name\" \/><\/span>\n<\/p>\n<p>Adresse e-mail *<br \/>\n<span class=\"wpcf7-form-control-wrap\" data-name=\"email\"><input size=\"40\" maxlength=\"400\" class=\"wpcf7-form-control wpcf7-email wpcf7-validates-as-required wpcf7-text wpcf7-validates-as-email\" aria-required=\"true\" aria-invalid=\"false\" value=\"\" type=\"email\" name=\"email\" \/><\/span>\n<\/p>\n<p>T\u00e9l\u00e9phone *<br \/>\n<span class=\"wpcf7-form-control-wrap\" data-name=\"phone\"><input size=\"40\" maxlength=\"400\" class=\"wpcf7-form-control wpcf7-tel wpcf7-validates-as-required wpcf7-text wpcf7-validates-as-tel\" aria-required=\"true\" aria-invalid=\"false\" value=\"\" type=\"tel\" name=\"phone\" \/><\/span>\n<\/p>\n<p>Adresse postale<br \/>\n<span class=\"wpcf7-form-control-wrap\" data-name=\"address\"><textarea cols=\"40\" rows=\"10\" maxlength=\"2000\" class=\"wpcf7-form-control wpcf7-textarea\" aria-invalid=\"false\" name=\"address\"><\/textarea><\/span>\n<\/p>\n<p>Heure d\u2019arriv\u00e9e (apr\u00e8s 15 h s'il vous pla\u00eet) *<br \/>\n<span class=\"wpcf7-form-control-wrap datetime-arrival\" data-name=\"datetime-arrival\"><input class=\"wpcf7-form-control wpcf7-datepicker wpcf7-validates-as-required wpcf7-validates-as-date nmr-datepicker\" id=\"datetime-arrival\" data-format=\"dd\/mm\/yy\" aria-required=\"true\" aria-invalid=\"false\" value=\"\" type=\"text\" name=\"datetime-arrival\" \/><\/span>\n<\/p>\n<p>Heure de d\u00e9part (avant 10 h s'il vous pla\u00eet) *<br \/>\n<span class=\"wpcf7-form-control-wrap datetime-departure\" data-name=\"datetime-departure\"><input class=\"wpcf7-form-control wpcf7-datepicker wpcf7-validates-as-required wpcf7-validates-as-date nmr-datepicker\" id=\"datetime-departure\" data-format=\"dd\/mm\/yy\" aria-required=\"true\" aria-invalid=\"false\" value=\"\" type=\"text\" name=\"datetime-departure\" \/><\/span>\n<\/p>\n<p>Nombre de personnes *<br \/>\n<span class=\"wpcf7-form-control-wrap\" data-name=\"number_guests\"><input class=\"wpcf7-form-control wpcf7-number wpcf7-validates-as-required wpcf7-validates-as-number\" min=\"1\" max=\"25\" aria-required=\"true\" aria-invalid=\"false\" value=\"2\" type=\"number\" name=\"number_guests\" \/><\/span>\n<\/p>\n<p>Unit\u00e9s locatives pr\u00e9f\u00e9r\u00e9es<br \/>\n<span class=\"wpcf7-form-control-wrap\" data-name=\"checkbox-preferred\"><span class=\"wpcf7-form-control wpcf7-checkbox\"><span class=\"wpcf7-list-item first\"><input type=\"checkbox\" name=\"checkbox-preferred[]\" value=\"Chambre\" checked=\"checked\" \/><span class=\"wpcf7-list-item-label\">Chambre<\/span><\/span><span class=\"wpcf7-list-item\"><input type=\"checkbox\" name=\"checkbox-preferred[]\" value=\"G\u00eete \/ Studio\" \/><span class=\"wpcf7-list-item-label\">G\u00eete \/ Studio<\/span><\/span><span class=\"wpcf7-list-item last\"><input type=\"checkbox\" name=\"checkbox-preferred[]\" value=\"Appartement\" \/><span class=\"wpcf7-list-item-label\">Appartement<\/span><\/span><\/span><\/span>\n<\/p>\n<p>Demandes sp\u00e9ciales<br \/>\n<span class=\"wpcf7-form-control-wrap\" data-name=\"message\"><textarea cols=\"40\" rows=\"10\" maxlength=\"2000\" class=\"wpcf7-form-control wpcf7-textarea\" aria-invalid=\"false\" name=\"message\"><\/textarea><\/span>\n<\/p>\n<p><input type=\"hidden\" name=\"_wpcf7_captcha_challenge_captcha-562\" value=\"348100396\" \/><img loading=\"lazy\" decoding=\"async\" class=\"wpcf7-form-control wpcf7-captchac wpcf7-captcha-captcha-562\" width=\"72\" height=\"24\" alt=\"captcha\" src=\"https:\/\/www.leslabadous.fr\/wp-content\/uploads\/wpcf7_captcha\/348100396.png\" \/>\n<\/p>\n<p>S'il vous pla\u00eet entrer le texte ci-dessous *<br \/>\n<span class=\"wpcf7-form-control-wrap\" data-name=\"captcha-562\"><input size=\"40\" class=\"wpcf7-form-control wpcf7-captchar\" autocomplete=\"off\" aria-invalid=\"false\" value=\"\" type=\"text\" name=\"captcha-562\" \/><\/span>\n<\/p>\n<p><input class=\"wpcf7-form-control wpcf7-submit has-spinner\" type=\"submit\" value=\"Envoyer votre demande\" \/>\n<\/p>\n<p><i>* Champs obligatoires<\/i><i><\/i>\n<\/p><div class=\"wpcf7-response-output\" aria-hidden=\"true\"><\/div>\n<\/form>\n<\/div>\n\n","protected":false},"excerpt":{"rendered":"","protected":false},"author":1,"featured_media":519,"parent":0,"menu_order":0,"comment_status":"closed","ping_status":"closed","template":"","meta":{"footnotes":""},"class_list":["post-987","page","type-page","status-publish","has-post-thumbnail","hentry"],"_links":{"self":[{"href":"https:\/\/www.leslabadous.fr\/index.php?rest_route=\/wp\/v2\/pages\/987","targetHints":{"allow":["GET"]}}],"collection":[{"href":"https:\/\/www.leslabadous.fr\/index.php?rest_route=\/wp\/v2\/pages"}],"about":[{"href":"https:\/\/www.leslabadous.fr\/index.php?rest_route=\/wp\/v2\/types\/page"}],"author":[{"embeddable":true,"href":"https:\/\/www.leslabadous.fr\/index.php?rest_route=\/wp\/v2\/users\/1"}],"replies":[{"embeddable":true,"href":"https:\/\/www.leslabadous.fr\/index.php?rest_route=%2Fwp%2Fv2%2Fcomments&post=987"}],"version-history":[{"count":3,"href":"https:\/\/www.leslabadous.fr\/index.php?rest_route=\/wp\/v2\/pages\/987\/revisions"}],"predecessor-version":[{"id":1211,"href":"https:\/\/www.leslabadous.fr\/index.php?rest_route=\/wp\/v2\/pages\/987\/revisions\/1211"}],"wp:featuredmedia":[{"embeddable":true,"href":"https:\/\/www.leslabadous.fr\/index.php?rest_route=\/wp\/v2\/media\/519"}],"wp:attachment":[{"href":"https:\/\/www.leslabadous.fr\/index.php?rest_route=%2Fwp%2Fv2%2Fmedia&parent=987"}],"curies":[{"name":"wp","href":"https:\/\/api.w.org\/{rel}","templated":true}]}}