{"id":985,"date":"2018-03-17T16:41:12","date_gmt":"2018-03-17T15:41:12","guid":{"rendered":"http:\/\/www.leslabadous.fr\/rennes-le-chateau-copy\/"},"modified":"2018-04-21T10:07:30","modified_gmt":"2018-04-21T09:07:30","slug":"rennes-le-chateau-copy","status":"publish","type":"page","link":"https:\/\/www.leslabadous.fr\/?page_id=985","title":{"rendered":"Rennes-le-Ch\u00e2teau"},"content":{"rendered":"<div id=\"attachment_190\" style=\"width: 179px\" class=\"wp-caption alignleft\"><img loading=\"lazy\" decoding=\"async\" aria-describedby=\"caption-attachment-190\" src=\"http:\/\/www.leslabadous.fr\/wp-content\/uploads\/2017\/12\/TourMagdala-sm-169x300.jpg\" alt=\"\" width=\"169\" height=\"300\" class=\"wp-image-190 size-medium\" srcset=\"https:\/\/www.leslabadous.fr\/wp-content\/uploads\/2017\/12\/TourMagdala-sm-169x300.jpg 169w, https:\/\/www.leslabadous.fr\/wp-content\/uploads\/2017\/12\/TourMagdala-sm-576x1024.jpg 576w, https:\/\/www.leslabadous.fr\/wp-content\/uploads\/2017\/12\/TourMagdala-sm.jpg 720w\" sizes=\"auto, (max-width: 169px) 100vw, 169px\" \/><p id=\"caption-attachment-190\" class=\"wp-caption-text\">Tour Magdala<\/p><\/div>\n<p><span><em><span style=\"color: #0000ff;\"><a href=\"http:\/\/www.rennes-le-chateau.fr\" target=\"_blank\" rel=\"noopener\">Rennes-le-Ch\u00e2teau<\/a>\u00a0<\/span><\/em><\/span>est souvent associ\u00e9 \u00e0 B\u00e9renger Sauni\u00e8re, le pr\u00eatre dont la fabuleuse richesse a laiss\u00e9 une empreinte ind\u00e9l\u00e9bile sur son village. Mais le village tranquille a une longue histoire qui remonte au moins \u00e0 l&#8217;\u00e9poque romaine.<\/p>\n<p><span>Aujourd&#8217;hui, il y a beaucoup \u00e0 voir:<\/span><\/p>\n<ul>\n<li>le ch\u00e2teau (fond\u00e9 au 11\u00e8me, b\u00e2timents actuels du 17 \/ 18\u00e8me si\u00e8cle)<\/li>\n<li>l&#8217;\u00e9glise d\u00e9di\u00e9e \u00e0 Marie-Madeleine, avec une statue du diable (appel\u00e9 Asmod\u00e9e par certains)<\/li>\n<li><span>la Tour Magdala<\/span><\/li>\n<li><span>le Mus\u00e9e avec la Villa Bethania et un beau jardin.<\/span><\/li>\n<\/ul>\n<p><img loading=\"lazy\" decoding=\"async\" src=\"http:\/\/www.leslabadous.fr\/wp-content\/uploads\/2018\/01\/Devil-Asmodeus-P1060854-sm-169x300.jpg\" alt=\"\" width=\"169\" height=\"300\" class=\"size-medium wp-image-584 alignleft\" srcset=\"https:\/\/www.leslabadous.fr\/wp-content\/uploads\/2018\/01\/Devil-Asmodeus-P1060854-sm-169x300.jpg 169w, https:\/\/www.leslabadous.fr\/wp-content\/uploads\/2018\/01\/Devil-Asmodeus-P1060854-sm-576x1024.jpg 576w, https:\/\/www.leslabadous.fr\/wp-content\/uploads\/2018\/01\/Devil-Asmodeus-P1060854-sm.jpg 720w\" sizes=\"auto, (max-width: 169px) 100vw, 169px\" \/><img loading=\"lazy\" decoding=\"async\" src=\"http:\/\/www.leslabadous.fr\/wp-content\/uploads\/2018\/01\/RLC-jardin-sunset-P1030441-sm-169x300.jpg\" alt=\"\" width=\"211\" height=\"375\" class=\"wp-image-595 alignright\" srcset=\"https:\/\/www.leslabadous.fr\/wp-content\/uploads\/2018\/01\/RLC-jardin-sunset-P1030441-sm-169x300.jpg 169w, https:\/\/www.leslabadous.fr\/wp-content\/uploads\/2018\/01\/RLC-jardin-sunset-P1030441-sm-576x1024.jpg 576w, https:\/\/www.leslabadous.fr\/wp-content\/uploads\/2018\/01\/RLC-jardin-sunset-P1030441-sm.jpg 720w\" sizes=\"auto, (max-width: 211px) 100vw, 211px\" \/><span><em><span style=\"color: #0000ff;\">Rennes-le-Ch\u00e2teau<\/span><\/em><\/span>\u00a0est perch\u00e9 au sommet d&#8217;une colline. Il offre une vue panoramique : sur la vall\u00e9e de l&#8217;Aude, sur les hautes Pyr\u00e9n\u00e9es et le Bugarach. Les couchers du soleil peuvent \u00eatre spectaculaires !<\/p>\n<p>&nbsp;<\/p>\n<div id=\"attachment_1190\" style=\"width: 235px\" class=\"wp-caption aligncenter\"><img loading=\"lazy\" decoding=\"async\" aria-describedby=\"caption-attachment-1190\" src=\"http:\/\/www.leslabadous.fr\/wp-content\/uploads\/2018\/03\/LL-fromroad-NE2SW-P1030334-sm-225x300.jpg\" alt=\"\" width=\"225\" height=\"300\" class=\"wp-image-1190 size-medium\" srcset=\"https:\/\/www.leslabadous.fr\/wp-content\/uploads\/2018\/03\/LL-fromroad-NE2SW-P1030334-sm-225x300.jpg 225w, https:\/\/www.leslabadous.fr\/wp-content\/uploads\/2018\/03\/LL-fromroad-NE2SW-P1030334-sm-768x1024.jpg 768w, https:\/\/www.leslabadous.fr\/wp-content\/uploads\/2018\/03\/LL-fromroad-NE2SW-P1030334-sm.jpg 960w\" sizes=\"auto, (max-width: 225px) 100vw, 225px\" \/><p id=\"caption-attachment-1190\" class=\"wp-caption-text\">Les Labadous<\/p><\/div>\n<p><span>En regardant vers le sud, vous verrez <em><span style=\"color: #0000ff;\">Les Labadous<\/span><\/em>, nich\u00e9 sous le village et prot\u00e9g\u00e9 par des arbres g\u00e9ants.<\/span><\/p>\n<div id=\"attachment_1191\" style=\"width: 310px\" class=\"wp-caption aligncenter\"><img loading=\"lazy\" decoding=\"async\" aria-describedby=\"caption-attachment-1191\" src=\"http:\/\/www.leslabadous.fr\/wp-content\/uploads\/2018\/03\/Aerial-LL2SE-DJI_0062-sm-300x300.jpg\" alt=\"\" width=\"300\" height=\"300\" class=\"wp-image-1191 size-medium\" srcset=\"https:\/\/www.leslabadous.fr\/wp-content\/uploads\/2018\/03\/Aerial-LL2SE-DJI_0062-sm-300x300.jpg 300w, https:\/\/www.leslabadous.fr\/wp-content\/uploads\/2018\/03\/Aerial-LL2SE-DJI_0062-sm-150x150.jpg 150w, https:\/\/www.leslabadous.fr\/wp-content\/uploads\/2018\/03\/Aerial-LL2SE-DJI_0062-sm-768x768.jpg 768w, https:\/\/www.leslabadous.fr\/wp-content\/uploads\/2018\/03\/Aerial-LL2SE-DJI_0062-sm-1024x1024.jpg 1024w, https:\/\/www.leslabadous.fr\/wp-content\/uploads\/2018\/03\/Aerial-LL2SE-DJI_0062-sm.jpg 1280w\" sizes=\"auto, (max-width: 300px) 100vw, 300px\" \/><p id=\"caption-attachment-1191\" class=\"wp-caption-text\">Centre Les Labadous<\/p><\/div>\n<p><span><br \/>\n<\/span><\/p>\n<p><span><em><span style=\"color: #0000ff;\">\u00a0<\/span><\/em><\/span><\/p>\n","protected":false},"excerpt":{"rendered":"<p>Rennes-le-Ch\u00e2teau\u00a0est souvent associ\u00e9 \u00e0 B\u00e9renger Sauni\u00e8re, le pr\u00eatre dont la fabuleuse richesse a laiss\u00e9 une empreinte ind\u00e9l\u00e9bile sur son village. Mais le village tranquille a une longue histoire qui remonte au moins \u00e0 l&#8217;\u00e9poque romaine. Aujourd&#8217;hui, il y a beaucoup \u00e0 voir: le ch\u00e2teau (fond\u00e9 au 11\u00e8me, b\u00e2timents actuels du [&hellip;]<\/p>\n","protected":false},"author":2,"featured_media":592,"parent":0,"menu_order":0,"comment_status":"closed","ping_status":"closed","template":"","meta":{"footnotes":""},"class_list":["post-985","page","type-page","status-publish","has-post-thumbnail","hentry"],"_links":{"self":[{"href":"https:\/\/www.leslabadous.fr\/index.php?rest_route=\/wp\/v2\/pages\/985","targetHints":{"allow":["GET"]}}],"collection":[{"href":"https:\/\/www.leslabadous.fr\/index.php?rest_route=\/wp\/v2\/pages"}],"about":[{"href":"https:\/\/www.leslabadous.fr\/index.php?rest_route=\/wp\/v2\/types\/page"}],"author":[{"embeddable":true,"href":"https:\/\/www.leslabadous.fr\/index.php?rest_route=\/wp\/v2\/users\/2"}],"replies":[{"embeddable":true,"href":"https:\/\/www.leslabadous.fr\/index.php?rest_route=%2Fwp%2Fv2%2Fcomments&post=985"}],"version-history":[{"count":8,"href":"https:\/\/www.leslabadous.fr\/index.php?rest_route=\/wp\/v2\/pages\/985\/revisions"}],"predecessor-version":[{"id":1313,"href":"https:\/\/www.leslabadous.fr\/index.php?rest_route=\/wp\/v2\/pages\/985\/revisions\/1313"}],"wp:featuredmedia":[{"embeddable":true,"href":"https:\/\/www.leslabadous.fr\/index.php?rest_route=\/wp\/v2\/media\/592"}],"wp:attachment":[{"href":"https:\/\/www.leslabadous.fr\/index.php?rest_route=%2Fwp%2Fv2%2Fmedia&parent=985"}],"curies":[{"name":"wp","href":"https:\/\/api.w.org\/{rel}","templated":true}]}}