{"id":981,"date":"2018-03-17T16:37:47","date_gmt":"2018-03-17T15:37:47","guid":{"rendered":"http:\/\/www.leslabadous.fr\/la-cuisine-copy\/"},"modified":"2019-06-26T16:15:43","modified_gmt":"2019-06-26T15:15:43","slug":"la-cuisine-copy","status":"publish","type":"page","link":"https:\/\/www.leslabadous.fr\/?page_id=981","title":{"rendered":"Notre cuisine"},"content":{"rendered":"<p><img loading=\"lazy\" decoding=\"async\" src=\"http:\/\/www.leslabadous.fr\/wp-content\/uploads\/2017\/12\/Plat-salade-225x300.jpg\" alt=\"\" class=\"wp-image-183 aligncenter\" width=\"245\" height=\"327\" srcset=\"https:\/\/www.leslabadous.fr\/wp-content\/uploads\/2017\/12\/Plat-salade-225x300.jpg 225w, https:\/\/www.leslabadous.fr\/wp-content\/uploads\/2017\/12\/Plat-salade-768x1024.jpg 768w, https:\/\/www.leslabadous.fr\/wp-content\/uploads\/2017\/12\/Plat-salade.jpg 960w\" sizes=\"auto, (max-width: 245px) 100vw, 245px\" \/><\/p>\n<p>S<em>aveur<\/em> et\u00a0<em>sant\u00e9 <\/em>sont\u00a0au centre de notre cuisine. Nous comptons donc sur des produits frais et locaux. Nous achetons nos l\u00e9gumes chez notre bio-agriculteur : vous go\u00fbterez la diff\u00e9rence. Nous servons la volaille \u00e9lev\u00e9e en plein air par nos voisins, qui nous fournissent aussi les \u0153ufs. Du poisson frais et des plats de viande savoureux sont pr\u00e9par\u00e9s pour les non-v\u00e9g\u00e9tariens.<\/p>\n<p>\u00c0 table, il est aussi important de plaire \u00e0 l&#8217;\u0153il que de choyer le palais. Notre chef est fi\u00e8re de cr\u00e9er de belles pr\u00e9sentations. Tous les repas sont servis sous forme de buffet, sauf le d\u00eener, qui peut \u00eatre servi \u00e0 table si vous le pr\u00e9f\u00e9rez.<\/p>\n<p><img loading=\"lazy\" decoding=\"async\" src=\"http:\/\/www.leslabadous.fr\/wp-content\/uploads\/2017\/12\/Tarte-1-300x251.jpg\" alt=\"\" class=\"size-medium wp-image-184 aligncenter\" style=\"color: #3c4858; font-size: 16px;\" width=\"300\" height=\"251\" srcset=\"https:\/\/www.leslabadous.fr\/wp-content\/uploads\/2017\/12\/Tarte-1-300x251.jpg 300w, https:\/\/www.leslabadous.fr\/wp-content\/uploads\/2017\/12\/Tarte-1-768x642.jpg 768w, https:\/\/www.leslabadous.fr\/wp-content\/uploads\/2017\/12\/Tarte-1-1024x856.jpg 1024w, https:\/\/www.leslabadous.fr\/wp-content\/uploads\/2017\/12\/Tarte-1.jpg 1280w\" sizes=\"auto, (max-width: 300px) 100vw, 300px\" \/><\/p>\n<p>Le <strong>petit d\u00e9jeuner<\/strong>\u00a0comprend des croissants, du pain frais de la boulangerie locale, des c\u00e9r\u00e9ales, des yaourts, des fruits, des \u0153ufs, du fromage, ainsi que du caf\u00e9 et du th\u00e9.<\/p>\n<p><img loading=\"lazy\" decoding=\"async\" src=\"https:\/\/www.leslabadous.fr\/wp-content\/uploads\/2019\/06\/Appetizer-300x262.jpg\" alt=\"\" class=\"wp-image-1510 aligncenter\" width=\"280\" height=\"242\" \/><\/p>\n<p>Le <strong>d\u00e9jeuner<\/strong>\u00a0consiste d&#8217;une quiche, d&#8217;une tarte sal\u00e9e, d&#8217;un gratin ou une soupe, d&#8217;une vari\u00e9t\u00e9 de salades, avec des herbes fra\u00eeches du jardin, d&#8217;excellents fromages locaux et \/ ou de p\u00e2t\u00e9s et charcuteries. Sur demande pr\u00e9alable, nous vous pr\u00e9parons le d\u00e9jeuner sous forme de pique-nique.<\/p>\n<p><img loading=\"lazy\" decoding=\"async\" src=\"http:\/\/www.leslabadous.fr\/wp-content\/uploads\/2017\/12\/Tarte-2-278x300.jpg\" alt=\"\" class=\"size-medium wp-image-185 aligncenter\" style=\"color: #555555; font-size: 17px;\" width=\"278\" height=\"300\" srcset=\"https:\/\/www.leslabadous.fr\/wp-content\/uploads\/2017\/12\/Tarte-2-278x300.jpg 278w, https:\/\/www.leslabadous.fr\/wp-content\/uploads\/2017\/12\/Tarte-2-768x830.jpg 768w, https:\/\/www.leslabadous.fr\/wp-content\/uploads\/2017\/12\/Tarte-2.jpg 846w\" sizes=\"auto, (max-width: 278px) 100vw, 278px\" \/><\/p>\n<p>Le <strong>d\u00eener<\/strong> peut \u00eatre compos\u00e9 de 2 ou 3 plats au choix. Notre r\u00e9gion est r\u00e9put\u00e9e pour ses excellents vins, nous proposons donc une petite s\u00e9lection locale.<\/p>\n<p><img loading=\"lazy\" decoding=\"async\" src=\"http:\/\/www.leslabadous.fr\/wp-content\/uploads\/2018\/02\/Tarte-chocolat-300x225.jpg\" alt=\"\" class=\"size-medium wp-image-725 aligncenter\" width=\"300\" height=\"225\" srcset=\"https:\/\/www.leslabadous.fr\/wp-content\/uploads\/2018\/02\/Tarte-chocolat-300x225.jpg 300w, https:\/\/www.leslabadous.fr\/wp-content\/uploads\/2018\/02\/Tarte-chocolat-768x576.jpg 768w, https:\/\/www.leslabadous.fr\/wp-content\/uploads\/2018\/02\/Tarte-chocolat-1024x768.jpg 1024w, https:\/\/www.leslabadous.fr\/wp-content\/uploads\/2018\/02\/Tarte-chocolat.jpg 1280w\" sizes=\"auto, (max-width: 300px) 100vw, 300px\" \/><\/p>\n","protected":false},"excerpt":{"rendered":"<p>Saveur et\u00a0sant\u00e9 sont\u00a0au centre de notre cuisine. Nous comptons donc sur des produits frais et locaux. Nous achetons nos l\u00e9gumes chez notre bio-agriculteur : vous go\u00fbterez la diff\u00e9rence. Nous servons la volaille \u00e9lev\u00e9e en plein air par nos voisins, qui nous fournissent aussi les \u0153ufs. Du poisson frais et des [&hellip;]<\/p>\n","protected":false},"author":2,"featured_media":723,"parent":0,"menu_order":0,"comment_status":"closed","ping_status":"closed","template":"","meta":{"footnotes":""},"class_list":["post-981","page","type-page","status-publish","has-post-thumbnail","hentry"],"_links":{"self":[{"href":"https:\/\/www.leslabadous.fr\/index.php?rest_route=\/wp\/v2\/pages\/981","targetHints":{"allow":["GET"]}}],"collection":[{"href":"https:\/\/www.leslabadous.fr\/index.php?rest_route=\/wp\/v2\/pages"}],"about":[{"href":"https:\/\/www.leslabadous.fr\/index.php?rest_route=\/wp\/v2\/types\/page"}],"author":[{"embeddable":true,"href":"https:\/\/www.leslabadous.fr\/index.php?rest_route=\/wp\/v2\/users\/2"}],"replies":[{"embeddable":true,"href":"https:\/\/www.leslabadous.fr\/index.php?rest_route=%2Fwp%2Fv2%2Fcomments&post=981"}],"version-history":[{"count":10,"href":"https:\/\/www.leslabadous.fr\/index.php?rest_route=\/wp\/v2\/pages\/981\/revisions"}],"predecessor-version":[{"id":1517,"href":"https:\/\/www.leslabadous.fr\/index.php?rest_route=\/wp\/v2\/pages\/981\/revisions\/1517"}],"wp:featuredmedia":[{"embeddable":true,"href":"https:\/\/www.leslabadous.fr\/index.php?rest_route=\/wp\/v2\/media\/723"}],"wp:attachment":[{"href":"https:\/\/www.leslabadous.fr\/index.php?rest_route=%2Fwp%2Fv2%2Fmedia&parent=981"}],"curies":[{"name":"wp","href":"https:\/\/api.w.org\/{rel}","templated":true}]}}