{"id":977,"date":"2018-03-17T16:34:21","date_gmt":"2018-03-17T15:34:21","guid":{"rendered":"http:\/\/www.leslabadous.fr\/languedoc-roussillon-wine-copy\/"},"modified":"2018-03-19T09:27:52","modified_gmt":"2018-03-19T08:27:52","slug":"languedoc-roussillon-wine-copy","status":"publish","type":"page","link":"https:\/\/www.leslabadous.fr\/?page_id=977","title":{"rendered":"Les vins de Languedoc-Roussillon"},"content":{"rendered":"<p>Le Languedoc-Roussillon produit plus de vin que la r\u00e9gion de Bordeaux ou la Bourgogne, et les prix sont nettement plus bas que dans ces r\u00e9gions. Mais pour les amateurs de vin, la qualit\u00e9 est plus essentielle que la quantit\u00e9, et d&#8217;excellents vins du Languedoc-Roussillon sont apparus ces derni\u00e8res ann\u00e9es. Heureusement, ceux-ci restent beaucoup moins on\u00e9reux que les concurrents des grandes zones.<\/p>\n<p>Les noms \u00e0 se rappeler pour les vins de l&#8217;Aude, en particulier, incluent <em>Corbi\u00e8res<\/em> (<a href=\"http:\/\/www.20decorbieres.com\/\" target=\"_blank\" rel=\"noopener\">www.20decorbieres.com<\/a>), <em>Fitou<\/em> (<a href=\"http:\/\/www.fitouaoc.com\/\" title=\"www.fitouaoc.com\" target=\"_blank\" rel=\"noopener\">www.fitouaoc.com<\/a>), <em>Limoux<\/em> (<a href=\"http:\/\/www.limoux-aoc.com\/\" title=\"www.limoux-aoc.com\" target=\"_blank\" rel=\"noopener\">www.limoux-aoc.com<\/a>), <em>Malep\u00e8re<\/em> (<a href=\"http:\/\/www.vins-malepere.com\/\" title=\"www.vins-malepere.com\" target=\"_blank\" rel=\"noopener\">www.vins-malepere.com<\/a>), and <em>Minervois<\/em> (<a href=\"http:\/\/www.leminervois.com\/\" title=\"www.leminervois.com\" target=\"_blank\" rel=\"noopener\">www.leminervois.com<\/a>).<\/p>\n<p>En Languedoc-Roussillon, les assemblages caract\u00e9ristiques de rouges comprennent principalement le Grenache (noir, gris, blanc), la Syrah, le Mourv\u00e8dre, le Carignan, le Cinsault, mais aussi le Merlot et le Cabernet. Pour les blancs, le Mauzac, le Chardonnay, le Chenin, le Muscat et le Bourboulenc (Malvoisie) sont \u00e9galement utilis\u00e9s. La gamme de vins est tr\u00e8s large:<\/p>\n<ul>\n<li>Les blancs sont propos\u00e9s pour un ap\u00e9ro p\u00e9tillant (Blanquette ou Cr\u00e9mant de Limoux), des vins de table secs pour accompagner les poissons et volailles (essayez le Picpoul de Pinet), ou les vins de dessert sucr\u00e9s et riches (Rivesaltes, Cartag\u00e8ne).<\/li>\n<li>Les ros\u00e9s sont rafra\u00eechissants (Minervois) et faciles \u00e0 boire (parfois un peu trop).<\/li>\n<li>Les rouges vont du fruit\u00e9 et l\u00e9ger au sombre et puissant, mais les meilleurs restent \u00e9l\u00e9gants (C\u00f4tes du Roussillon, Corbi\u00e8re, Fitou, Malp\u00e8re, Minervois).<\/li>\n<\/ul>\n<p><img loading=\"lazy\" decoding=\"async\" src=\"http:\/\/www.leslabadous.fr\/wp-content\/uploads\/2018\/01\/Cr\u00e9mant_de_Limoux_1531_label-210x300.jpg\" alt=\"\" width=\"210\" height=\"300\" class=\"size-medium wp-image-579 alignright\" srcset=\"https:\/\/www.leslabadous.fr\/wp-content\/uploads\/2018\/01\/Cr\u00e9mant_de_Limoux_1531_label-210x300.jpg 210w, https:\/\/www.leslabadous.fr\/wp-content\/uploads\/2018\/01\/Cr\u00e9mant_de_Limoux_1531_label-768x1098.jpg 768w, https:\/\/www.leslabadous.fr\/wp-content\/uploads\/2018\/01\/Cr\u00e9mant_de_Limoux_1531_label-716x1024.jpg 716w, https:\/\/www.leslabadous.fr\/wp-content\/uploads\/2018\/01\/Cr\u00e9mant_de_Limoux_1531_label.jpg 1179w\" sizes=\"auto, (max-width: 210px) 100vw, 210px\" \/><\/p>\n<p>Parmi les vignobles o\u00f9 la qualit\u00e9 est prise au s\u00e9rieux, certains sont \u00e0 une courte distance en voiture du <a href=\"http:\/\/www.leslabadous.fr\/\"><em>Centre Les Labadous<\/em><\/a>. Vous pouvez commencer par les vins de Limoux \u00e0 Couiza, visiter le Domaine <em><a href=\"http:\/\/www.annedejoyeuse.fr\/index.php?entrer=1&amp;langue=fr\" class=\"style19\" target=\"_blank\" rel=\"noopener\">Anne de Joyeuse<\/a><\/em> ou le Domaine de <a target=\"_blank\" href=\"http:\/\/www.domaine-mayrac.com\/\" class=\"url\" itemprop=\"web\" rel=\"noopener\"><em>Mayrac<\/em><\/a> , ou aller voir le Domaine de <em><a href=\"https:\/\/www.domaine-de-baronarques.com\/fr\/\" class=\"style19\" target=\"_blank\" rel=\"noopener\">Baron&#8217;Arques<\/a><\/em> \u00e0 Saint Polycarpe.<\/p>\n<p>Les sp\u00e9cialit\u00e9s locales comprennent la <em>Blanquette de Limoux<\/em> et le <em>Cr\u00e9mant de Limoux<\/em>, vins mousseux classiques invent\u00e9s en 1531 par les moines de St-Hilaire. Ils sont ant\u00e9rieurs au champagne et sont essentiellement fabriqu\u00e9s \u00e0 partir d&#8217;un c\u00e9page local du nom de <em>Mauzac<\/em>.<\/p>\n<p>Si vous vous aventurez un peu plus loin, plusieurs vignobles exceptionnels invitent votre visite. Les exemples dans les Corbi\u00e8res incluent <a href=\"http:\/\/www.domaine-gardies.fr\/fr\" target=\"_blank\" rel=\"noopener\">Domaine Gardi\u00e9s<\/a>, <span><a href=\"https:\/\/www.lacendrillon.fr\" target=\"_blank\" rel=\"noopener\">Domaine de la Cendrillon<\/a><\/span>, ou si vous voulez aller plus loin encore, <span><a href=\"https:\/\/www.alainchabanon.com\" target=\"_blank\" rel=\"noopener\">Alain Chabanon in \u2028Montpeyroux<\/a><\/span>, ou B\u00e9atrice et S\u00e9bastien Fillon sur les Terrasses de Larzac.<\/p>\n<p>Consid\u00e9rez \u00e9galement une visite \u00e0 <a href=\"http:\/\/www.terra-vinea.com\/fr\" target=\"_blank\" rel=\"noopener\">Terra Vinea<\/a> pour d\u00e9couvrir la vinification historique dans une grande galerie \u00e0 l&#8217;int\u00e9rieur d&#8217;une mine de gypse abandonn\u00e9e.<\/p>\n","protected":false},"excerpt":{"rendered":"<p>Le Languedoc-Roussillon produit plus de vin que la r\u00e9gion de Bordeaux ou la Bourgogne, et les prix sont nettement plus bas que dans ces r\u00e9gions. Mais pour les amateurs de vin, la qualit\u00e9 est plus essentielle que la quantit\u00e9, et d&#8217;excellents vins du Languedoc-Roussillon sont apparus ces derni\u00e8res ann\u00e9es. Heureusement, [&hellip;]<\/p>\n","protected":false},"author":2,"featured_media":581,"parent":0,"menu_order":0,"comment_status":"closed","ping_status":"closed","template":"","meta":{"footnotes":""},"class_list":["post-977","page","type-page","status-publish","has-post-thumbnail","hentry"],"_links":{"self":[{"href":"https:\/\/www.leslabadous.fr\/index.php?rest_route=\/wp\/v2\/pages\/977","targetHints":{"allow":["GET"]}}],"collection":[{"href":"https:\/\/www.leslabadous.fr\/index.php?rest_route=\/wp\/v2\/pages"}],"about":[{"href":"https:\/\/www.leslabadous.fr\/index.php?rest_route=\/wp\/v2\/types\/page"}],"author":[{"embeddable":true,"href":"https:\/\/www.leslabadous.fr\/index.php?rest_route=\/wp\/v2\/users\/2"}],"replies":[{"embeddable":true,"href":"https:\/\/www.leslabadous.fr\/index.php?rest_route=%2Fwp%2Fv2%2Fcomments&post=977"}],"version-history":[{"count":3,"href":"https:\/\/www.leslabadous.fr\/index.php?rest_route=\/wp\/v2\/pages\/977\/revisions"}],"predecessor-version":[{"id":1117,"href":"https:\/\/www.leslabadous.fr\/index.php?rest_route=\/wp\/v2\/pages\/977\/revisions\/1117"}],"wp:featuredmedia":[{"embeddable":true,"href":"https:\/\/www.leslabadous.fr\/index.php?rest_route=\/wp\/v2\/media\/581"}],"wp:attachment":[{"href":"https:\/\/www.leslabadous.fr\/index.php?rest_route=%2Fwp%2Fv2%2Fmedia&parent=977"}],"curies":[{"name":"wp","href":"https:\/\/api.w.org\/{rel}","templated":true}]}}