{"id":975,"date":"2018-03-17T16:32:14","date_gmt":"2018-03-17T15:32:14","guid":{"rendered":"http:\/\/www.leslabadous.fr\/history-and-legends-around-rennes-le-chateau-copy\/"},"modified":"2018-03-18T22:32:26","modified_gmt":"2018-03-18T21:32:26","slug":"history-and-legends-around-rennes-le-chateau-copy","status":"publish","type":"page","link":"https:\/\/www.leslabadous.fr\/?page_id=975","title":{"rendered":"Histoire et l\u00e9gendes"},"content":{"rendered":"<p>De nombreux ch\u00e2teaux c\u00e9l\u00e8bres, dans un d\u00e9cor splendide, t\u00e9moignent de la longue et riche histoire de la r\u00e9gion cathare. Les vestiges culturels de la p\u00e9riode m\u00e9di\u00e9vale pr\u00e9valent, mais certains remontent aux temps bibliques. <a href=\"http:\/\/www.leslabadous.fr\/rennes-le-chateau-copy\/\" target=\"_blank\" rel=\"noopener\">Rennes-le-Ch\u00e2teau<\/a> est situ\u00e9 au c\u0153ur du <em><span style=\"color: #0000ff;\">Pays Cathare<\/span><\/em>, avec des racines historiques s&#8217;\u00e9tendant sur plus de 2000 ans.<\/p>\n<p>La fiabilit\u00e9 des rapports d&#8217;un pass\u00e9 si lointain est difficile \u00e0 \u00e9valuer, laissant beaucoup de place aux l\u00e9gendes. Les l\u00e9gendes les plus virales de Rennes-le-Ch\u00e2teau datent cependant de moins de 50 ans. Les controverses et les questions abondent: Qu&#8217;est-ce qui est historiquement solide ou au moins possible? Qu&#8217;est-ce qui est bas\u00e9 sur des histoires que les critiques rejettent comme improbable ou carr\u00e9ment fausses? En tout cas, les l\u00e9gendes autour de Rennes continuent d&#8217;inspirer les \u00e9crivains \u2013 et les lecteurs:<\/p>\n<ul>\n<li>Bas\u00e9 en grande partie sur Pierre Plantard (de Saint-Clair), G\u00e9rard de S\u00e8de publie &#8220;L&#8217;Or de Rennes&#8221; en 1967, d\u00e9clenchant une vague que beaucoup ont navigu\u00e9s depuis.<\/li>\n<li>&#8220;Le Saint-Sang et le Saint-Graal&#8221; de Michael Baigent, Richard Leigh et Henry Lincoln est devenu un best-seller en 1982.<\/li>\n<li>M\u00eame si G\u00e9rard de S\u00e8de en 1988 a corrig\u00e9 certaines des affirmations exag\u00e9r\u00e9es sur Rennes-le-Ch\u00e2teau, des histoires improbables continuent d&#8217;appara\u00eetre &#8230; Certaines ont un grand succ\u00e8s, par exemple<\/li>\n<li>&#8220;<i><a href=\"https:\/\/en.wikipedia.org\/wiki\/The_Woman_with_the_Alabaster_Jar\" title=\"The Woman with the Alabaster Jar\">The Woman with the Alabaster Jar<span style=\"color: #000000;\">&#8220;<\/span><\/a>\u00a0par\u00a0<\/i>Margret Starbird <span>en 1993<\/span>, ainsi que<\/li>\n<li>&#8220;<i><a href=\"https:\/\/en.wikipedia.org\/wiki\/The_Da_Vinci_Code\" title=\"The Da Vinci Code\">The Da Vinci Code<\/a><\/i>&#8221; par Dan Brown en 2003.<\/li>\n<\/ul>\n<p><img loading=\"lazy\" decoding=\"async\" src=\"http:\/\/www.leslabadous.fr\/wp-content\/uploads\/2018\/01\/Cave-m\u00e9ditation-P1060726-sm-300x225.jpg\" alt=\"\" width=\"307\" height=\"230\" class=\" wp-image-604 alignleft\" srcset=\"https:\/\/www.leslabadous.fr\/wp-content\/uploads\/2018\/01\/Cave-m\u00e9ditation-P1060726-sm-300x225.jpg 300w, https:\/\/www.leslabadous.fr\/wp-content\/uploads\/2018\/01\/Cave-m\u00e9ditation-P1060726-sm-768x576.jpg 768w, https:\/\/www.leslabadous.fr\/wp-content\/uploads\/2018\/01\/Cave-m\u00e9ditation-P1060726-sm-1024x768.jpg 1024w, https:\/\/www.leslabadous.fr\/wp-content\/uploads\/2018\/01\/Cave-m\u00e9ditation-P1060726-sm.jpg 1280w\" sizes=\"auto, (max-width: 307px) 100vw, 307px\" \/><\/p>\n<p>Mais si Marie Madeleine a vraiment pass\u00e9 une partie de sa vie dans cette r\u00e9gion \u2013 peut-\u00eatre m\u00eame avec J\u00e9sus Christ, comme certains le croient \u2013 ou si les historiens ont raison de rejeter ces sp\u00e9culations: Il est un fait que beaucoup de visiteurs trouvent la force spirituelle dans notre r\u00e9gion. Et nos clients viennent souvent au Centre Les Labadous pour son calme, son \u00e9nergie curative qu&#8217;ils ressentent ici, dans les grottes locales et dans des lieux magiques voisins.<\/p>\n<p><img loading=\"lazy\" decoding=\"async\" src=\"http:\/\/www.leslabadous.fr\/wp-content\/uploads\/2018\/01\/FouillesInterdites-275x300.jpg\" alt=\"\" width=\"275\" height=\"300\" class=\"size-medium wp-image-602 alignright\" srcset=\"https:\/\/www.leslabadous.fr\/wp-content\/uploads\/2018\/01\/FouillesInterdites-275x300.jpg 275w, https:\/\/www.leslabadous.fr\/wp-content\/uploads\/2018\/01\/FouillesInterdites-768x837.jpg 768w, https:\/\/www.leslabadous.fr\/wp-content\/uploads\/2018\/01\/FouillesInterdites-939x1024.jpg 939w, https:\/\/www.leslabadous.fr\/wp-content\/uploads\/2018\/01\/FouillesInterdites.jpg 1354w\" sizes=\"auto, (max-width: 275px) 100vw, 275px\" \/><\/p>\n<p>Un autre fait n\u2019est pas contest\u00e9: Rennes-le-Ch\u00e2teau abritait l&#8217;abb\u00e9 Sauni\u00e8re, le fameux pr\u00eatre, dont les richesses restent controvers\u00e9es. Ses propres carnets montrent qu&#8217;il a fait de l&#8217;argent en trafiquant des messes, mais il y a une rumeur persistante qu&#8217;il a d\u00e9couvert un tr\u00e9sor en 1891\/92. \u00a0Certaines personnes restent convaincues que plus de richesses sont cach\u00e9es dans les environs, et donc le village a interdit toute fouille \u2013 juste pour garder les chasseurs de tr\u00e9sors \u00e0 distance.<\/p>\n","protected":false},"excerpt":{"rendered":"<p>De nombreux ch\u00e2teaux c\u00e9l\u00e8bres, dans un d\u00e9cor splendide, t\u00e9moignent de la longue et riche histoire de la r\u00e9gion cathare. Les vestiges culturels de la p\u00e9riode m\u00e9di\u00e9vale pr\u00e9valent, mais certains remontent aux temps bibliques. Rennes-le-Ch\u00e2teau est situ\u00e9 au c\u0153ur du Pays Cathare, avec des racines historiques s&#8217;\u00e9tendant sur plus de 2000 [&hellip;]<\/p>\n","protected":false},"author":2,"featured_media":0,"parent":0,"menu_order":0,"comment_status":"closed","ping_status":"closed","template":"","meta":{"footnotes":""},"class_list":["post-975","page","type-page","status-publish","hentry"],"_links":{"self":[{"href":"https:\/\/www.leslabadous.fr\/index.php?rest_route=\/wp\/v2\/pages\/975","targetHints":{"allow":["GET"]}}],"collection":[{"href":"https:\/\/www.leslabadous.fr\/index.php?rest_route=\/wp\/v2\/pages"}],"about":[{"href":"https:\/\/www.leslabadous.fr\/index.php?rest_route=\/wp\/v2\/types\/page"}],"author":[{"embeddable":true,"href":"https:\/\/www.leslabadous.fr\/index.php?rest_route=\/wp\/v2\/users\/2"}],"replies":[{"embeddable":true,"href":"https:\/\/www.leslabadous.fr\/index.php?rest_route=%2Fwp%2Fv2%2Fcomments&post=975"}],"version-history":[{"count":3,"href":"https:\/\/www.leslabadous.fr\/index.php?rest_route=\/wp\/v2\/pages\/975\/revisions"}],"predecessor-version":[{"id":1114,"href":"https:\/\/www.leslabadous.fr\/index.php?rest_route=\/wp\/v2\/pages\/975\/revisions\/1114"}],"wp:attachment":[{"href":"https:\/\/www.leslabadous.fr\/index.php?rest_route=%2Fwp%2Fv2%2Fmedia&parent=975"}],"curies":[{"name":"wp","href":"https:\/\/api.w.org\/{rel}","templated":true}]}}