{"id":970,"date":"2018-03-17T16:26:52","date_gmt":"2018-03-17T15:26:52","guid":{"rendered":"http:\/\/www.leslabadous.fr\/facilities-for-groups-copy\/"},"modified":"2018-04-20T15:41:36","modified_gmt":"2018-04-20T14:41:36","slug":"facilities-for-groups-copy","status":"publish","type":"page","link":"https:\/\/www.leslabadous.fr\/?page_id=970","title":{"rendered":"Possibilit\u00e9s pour des groupes"},"content":{"rendered":"<p><strong>Arcadia<\/strong>,\u00a0notre salle de r\u00e9unions spacieuse, est id\u00e9ale pour des activit\u00e9s, du yoga par exemple ou des pr\u00e9sentations.<\/p>\n<p>Equip\u00e9e d\u2019un projecteur, elle accueillera un public de 60-80.<\/p>\n<p>Arcadia est principalement utilis\u00e9e pour les activit\u00e9s de groupe impliquant 10-25 participants.<\/p>\n<p><img loading=\"lazy\" decoding=\"async\" src=\"http:\/\/www.leslabadous.fr\/wp-content\/uploads\/2017\/12\/Arcadie-1-300x169.jpg\" alt=\"\" width=\"339\" height=\"196\" class=\" wp-image-136 alignright\" \/><\/p>\n<p>Nous adaptons volontiers Arcadia pour r\u00e9pondre aux besoins de votre groupe:<\/p>\n<ul>\n<li>fournir un espace ouvert pour le yoga ou la m\u00e9ditation,<\/li>\n<li>am\u00e9nager l&#8217;espace,<\/li>\n<li>pr\u00e9parer des tables pour des activit\u00e9s cr\u00e9atives qui en n\u00e9cessitent, ou<\/li>\n<li>pr\u00e9parer un feu pour une rencontre devant la grande chemin\u00e9e.<\/li>\n<\/ul>\n<p>Nous fournissons \u00e9galement des tapis de yoga, des coussins de m\u00e9ditation, etc.<\/p>\n<p>Notre parc offre un cadre id\u00e9al pour les r\u00e9unions de groupe et les cercles en plein air.<\/p>\n<p><img loading=\"lazy\" decoding=\"async\" src=\"http:\/\/www.leslabadous.fr\/wp-content\/uploads\/2018\/01\/Circle-2-225x300.jpg\" alt=\"\" width=\"225\" height=\"300\" class=\"alignnone size-medium wp-image-534\" srcset=\"https:\/\/www.leslabadous.fr\/wp-content\/uploads\/2018\/01\/Circle-2-225x300.jpg 225w, https:\/\/www.leslabadous.fr\/wp-content\/uploads\/2018\/01\/Circle-2.jpg 480w\" sizes=\"auto, (max-width: 225px) 100vw, 225px\" \/> <img loading=\"lazy\" decoding=\"async\" src=\"http:\/\/www.leslabadous.fr\/wp-content\/uploads\/2018\/01\/Group-g\u00eetes-sm-169x300.jpg\" alt=\"\" width=\"169\" height=\"300\" class=\"alignnone size-medium wp-image-535\" srcset=\"https:\/\/www.leslabadous.fr\/wp-content\/uploads\/2018\/01\/Group-g\u00eetes-sm-169x300.jpg 169w, https:\/\/www.leslabadous.fr\/wp-content\/uploads\/2018\/01\/Group-g\u00eetes-sm-575x1024.jpg 575w, https:\/\/www.leslabadous.fr\/wp-content\/uploads\/2018\/01\/Group-g\u00eetes-sm.jpg 719w\" sizes=\"auto, (max-width: 169px) 100vw, 169px\" \/>\u00a0<img loading=\"lazy\" decoding=\"async\" src=\"http:\/\/www.leslabadous.fr\/wp-content\/uploads\/2018\/01\/Circle-1-225x300.jpg\" alt=\"\" width=\"225\" height=\"300\" class=\"alignnone size-medium wp-image-533\" style=\"color: #3c4858; font-size: 16px;\" srcset=\"https:\/\/www.leslabadous.fr\/wp-content\/uploads\/2018\/01\/Circle-1-225x300.jpg 225w, https:\/\/www.leslabadous.fr\/wp-content\/uploads\/2018\/01\/Circle-1.jpg 480w\" sizes=\"auto, (max-width: 225px) 100vw, 225px\" \/><\/p>\n<p>Notez que des tarifs sp\u00e9ciaux s&#8217;appliquent pour les groupes qui louent la plupart ou la totalit\u00e9 des Labadous. Renseignez-vous.<\/p>\n","protected":false},"excerpt":{"rendered":"<p>Arcadia,\u00a0notre salle de r\u00e9unions spacieuse, est id\u00e9ale pour des activit\u00e9s, du yoga par exemple ou des pr\u00e9sentations. Equip\u00e9e d\u2019un projecteur, elle accueillera un public de 60-80. Arcadia est principalement utilis\u00e9e pour les activit\u00e9s de groupe impliquant 10-25 participants. Nous adaptons volontiers Arcadia pour r\u00e9pondre aux besoins de votre groupe: fournir [&hellip;]<\/p>\n","protected":false},"author":2,"featured_media":1207,"parent":0,"menu_order":0,"comment_status":"closed","ping_status":"closed","template":"","meta":{"footnotes":""},"class_list":["post-970","page","type-page","status-publish","has-post-thumbnail","hentry"],"_links":{"self":[{"href":"https:\/\/www.leslabadous.fr\/index.php?rest_route=\/wp\/v2\/pages\/970","targetHints":{"allow":["GET"]}}],"collection":[{"href":"https:\/\/www.leslabadous.fr\/index.php?rest_route=\/wp\/v2\/pages"}],"about":[{"href":"https:\/\/www.leslabadous.fr\/index.php?rest_route=\/wp\/v2\/types\/page"}],"author":[{"embeddable":true,"href":"https:\/\/www.leslabadous.fr\/index.php?rest_route=\/wp\/v2\/users\/2"}],"replies":[{"embeddable":true,"href":"https:\/\/www.leslabadous.fr\/index.php?rest_route=%2Fwp%2Fv2%2Fcomments&post=970"}],"version-history":[{"count":6,"href":"https:\/\/www.leslabadous.fr\/index.php?rest_route=\/wp\/v2\/pages\/970\/revisions"}],"predecessor-version":[{"id":1298,"href":"https:\/\/www.leslabadous.fr\/index.php?rest_route=\/wp\/v2\/pages\/970\/revisions\/1298"}],"wp:featuredmedia":[{"embeddable":true,"href":"https:\/\/www.leslabadous.fr\/index.php?rest_route=\/wp\/v2\/media\/1207"}],"wp:attachment":[{"href":"https:\/\/www.leslabadous.fr\/index.php?rest_route=%2Fwp%2Fv2%2Fmedia&parent=970"}],"curies":[{"name":"wp","href":"https:\/\/api.w.org\/{rel}","templated":true}]}}