{"id":964,"date":"2018-03-17T16:21:12","date_gmt":"2018-03-17T15:21:12","guid":{"rendered":"http:\/\/www.leslabadous.fr\/centre-les-labadous-for-groups-for-individualists-for-you-copy\/"},"modified":"2018-03-18T22:02:50","modified_gmt":"2018-03-18T21:02:50","slug":"centre-les-labadous-for-groups-for-individualists-for-you-copy","status":"publish","type":"page","link":"https:\/\/www.leslabadous.fr\/?page_id=964","title":{"rendered":"Centre Les Labadous: Pour groupes, pour individualistes, pour vous?"},"content":{"rendered":"<p style=\"text-align: justify;\"><img loading=\"lazy\" decoding=\"async\" src=\"http:\/\/www.leslabadous.fr\/wp-content\/uploads\/2018\/01\/MauveBeauty-sm-169x300.jpg\" alt=\"\" width=\"174\" height=\"308\" class=\"wp-image-666 alignleft\" srcset=\"https:\/\/www.leslabadous.fr\/wp-content\/uploads\/2018\/01\/MauveBeauty-sm-169x300.jpg 169w, https:\/\/www.leslabadous.fr\/wp-content\/uploads\/2018\/01\/MauveBeauty-sm.jpg 360w\" sizes=\"auto, (max-width: 174px) 100vw, 174px\" \/>Les Labadous est un endroit enchanteur pour groupes et particuliers. Une oasis de calme, situ\u00e9e dans un paysage ouvert de beaut\u00e9 naturelle. Nous vous invitons \u00e0 venir vous d\u00e9tendre dans nos grands jardins, \u00e0 explorer quelques-uns des nombreux tr\u00e9sors culturels tout autour ou \u00e0 mettre en place un programme d&#8217;activit\u00e9s au Centre. Quels que soient vos int\u00e9r\u00eats, nous sommes heureux de vous soutenir et de vous fournir des informations pour vos excursions &#8211; que ce soit \u00e0 pied, en voiture ou \u00e0 v\u00e9lo &#8230;<\/p>\n<p style=\"text-align: justify;\"><img loading=\"lazy\" decoding=\"async\" src=\"http:\/\/www.leslabadous.fr\/wp-content\/uploads\/2018\/01\/Pyrmide-duJardin-1-W-sm-300x169.jpg\" alt=\"\" width=\"350\" height=\"197\" class=\"wp-image-568 alignright\" srcset=\"https:\/\/www.leslabadous.fr\/wp-content\/uploads\/2018\/01\/Pyrmide-duJardin-1-W-sm-300x169.jpg 300w, https:\/\/www.leslabadous.fr\/wp-content\/uploads\/2018\/01\/Pyrmide-duJardin-1-W-sm-768x432.jpg 768w, https:\/\/www.leslabadous.fr\/wp-content\/uploads\/2018\/01\/Pyrmide-duJardin-1-W-sm-1024x576.jpg 1024w, https:\/\/www.leslabadous.fr\/wp-content\/uploads\/2018\/01\/Pyrmide-duJardin-1-W-sm.jpg 1280w\" sizes=\"auto, (max-width: 350px) 100vw, 350px\" \/><\/p>\n<p>Le Centre Les Labadous peut accueillir 25 personnes dans des chambres confortables (simples ou doubles), des studios ind\u00e9pendants (avec 2-3 lits et des coins cuisine), ou des appartements bien \u00e9quip\u00e9s (3-4 lits).<\/p>\n<p>Pour les groupes de taille suffisante, nous offrons le petit d\u00e9jeuner, le d\u00e9jeuner et le d\u00eener en style table d&#8217;h\u00f4te. L&#8217;accent dans notre <a href=\"http:\/\/www.leslabadous.fr\/la-cuisine-copy\/\" target=\"_blank\" rel=\"noopener\">cuisine<\/a> est sur les produits frais et locaux, voire biologiques lorsqu&#8217;ils sont disponibles.<\/p>\n<p><img loading=\"lazy\" decoding=\"async\" src=\"http:\/\/www.leslabadous.fr\/wp-content\/uploads\/2018\/02\/Arcadia-Aafke-P1110232s-300x189.jpg\" alt=\"\" width=\"350\" height=\"221\" class=\"wp-image-729 alignleft\" srcset=\"https:\/\/www.leslabadous.fr\/wp-content\/uploads\/2018\/02\/Arcadia-Aafke-P1110232s-300x189.jpg 300w, https:\/\/www.leslabadous.fr\/wp-content\/uploads\/2018\/02\/Arcadia-Aafke-P1110232s-768x485.jpg 768w, https:\/\/www.leslabadous.fr\/wp-content\/uploads\/2018\/02\/Arcadia-Aafke-P1110232s-1024x647.jpg 1024w\" sizes=\"auto, (max-width: 350px) 100vw, 350px\" \/><\/p>\n<p>Les groupes peuvent faire usage de notre grande salle de r\u00e9union pour la m\u00e9ditation ou le yoga (\u00e9quipement \u00e0 louer), pour les cours qui ont besoin d&#8217;installations de projection, ou simplement pour des rassemblements confortables autour d&#8217;une grande chemin\u00e9e.<\/p>\n<p><img loading=\"lazy\" decoding=\"async\" src=\"http:\/\/www.leslabadous.fr\/wp-content\/uploads\/2018\/01\/Tilleul-G\u00eetes-sm-225x300.jpg\" alt=\"\" width=\"225\" height=\"300\" class=\"size-medium wp-image-560 alignright\" style=\"color: #555555; font-size: 17px;\" srcset=\"https:\/\/www.leslabadous.fr\/wp-content\/uploads\/2018\/01\/Tilleul-G\u00eetes-sm-225x300.jpg 225w, https:\/\/www.leslabadous.fr\/wp-content\/uploads\/2018\/01\/Tilleul-G\u00eetes-sm-768x1024.jpg 768w, https:\/\/www.leslabadous.fr\/wp-content\/uploads\/2018\/01\/Tilleul-G\u00eetes-sm.jpg 960w\" sizes=\"auto, (max-width: 225px) 100vw, 225px\" \/><\/p>\n<p>&nbsp;<\/p>\n<p>&nbsp;<\/p>\n<p><img loading=\"lazy\" decoding=\"async\" src=\"http:\/\/www.leslabadous.fr\/wp-content\/uploads\/2018\/01\/Circle-2-225x300.jpg\" alt=\"\" width=\"225\" height=\"300\" class=\"size-medium wp-image-534 alignleft\" style=\"color: #555555; font-size: 17px;\" srcset=\"https:\/\/www.leslabadous.fr\/wp-content\/uploads\/2018\/01\/Circle-2-225x300.jpg 225w, https:\/\/www.leslabadous.fr\/wp-content\/uploads\/2018\/01\/Circle-2.jpg 480w\" sizes=\"auto, (max-width: 225px) 100vw, 225px\" \/><\/p>\n<p>Par temps chaud, nos vastes jardins offrent un cadre id\u00e9al pour les activit\u00e9s de groupe. A l&#8217;ombre de grands arbres qui gardent une \u00e9nergie tranquille et nous rappellent la beaut\u00e9 de notre existence. Ils nous laissent tranquilles pendant un moment et nous rendent reconnaissants pour la vie.<\/p>\n","protected":false},"excerpt":{"rendered":"<p>Les Labadous est un endroit enchanteur pour groupes et particuliers. Une oasis de calme, situ\u00e9e dans un paysage ouvert de beaut\u00e9 naturelle. Nous vous invitons \u00e0 venir vous d\u00e9tendre dans nos grands jardins, \u00e0 explorer quelques-uns des nombreux tr\u00e9sors culturels tout autour ou \u00e0 mettre en place un programme d&#8217;activit\u00e9s [&hellip;]<\/p>\n","protected":false},"author":2,"featured_media":664,"parent":0,"menu_order":0,"comment_status":"closed","ping_status":"closed","template":"","meta":{"footnotes":""},"class_list":["post-964","page","type-page","status-publish","has-post-thumbnail","hentry"],"_links":{"self":[{"href":"https:\/\/www.leslabadous.fr\/index.php?rest_route=\/wp\/v2\/pages\/964","targetHints":{"allow":["GET"]}}],"collection":[{"href":"https:\/\/www.leslabadous.fr\/index.php?rest_route=\/wp\/v2\/pages"}],"about":[{"href":"https:\/\/www.leslabadous.fr\/index.php?rest_route=\/wp\/v2\/types\/page"}],"author":[{"embeddable":true,"href":"https:\/\/www.leslabadous.fr\/index.php?rest_route=\/wp\/v2\/users\/2"}],"replies":[{"embeddable":true,"href":"https:\/\/www.leslabadous.fr\/index.php?rest_route=%2Fwp%2Fv2%2Fcomments&post=964"}],"version-history":[{"count":3,"href":"https:\/\/www.leslabadous.fr\/index.php?rest_route=\/wp\/v2\/pages\/964\/revisions"}],"predecessor-version":[{"id":965,"href":"https:\/\/www.leslabadous.fr\/index.php?rest_route=\/wp\/v2\/pages\/964\/revisions\/965"}],"wp:featuredmedia":[{"embeddable":true,"href":"https:\/\/www.leslabadous.fr\/index.php?rest_route=\/wp\/v2\/media\/664"}],"wp:attachment":[{"href":"https:\/\/www.leslabadous.fr\/index.php?rest_route=%2Fwp%2Fv2%2Fmedia&parent=964"}],"curies":[{"name":"wp","href":"https:\/\/api.w.org\/{rel}","templated":true}]}}