{"id":959,"date":"2018-03-17T15:52:56","date_gmt":"2018-03-17T14:52:56","guid":{"rendered":"http:\/\/www.leslabadous.fr\/castles-and-fortresses-to-visit-copy\/"},"modified":"2018-04-21T10:51:55","modified_gmt":"2018-04-21T09:51:55","slug":"castles-and-fortresses-to-visit-copy","status":"publish","type":"page","link":"https:\/\/www.leslabadous.fr\/?page_id=959","title":{"rendered":"Ch\u00e2teaux et forteresses"},"content":{"rendered":"<p>Les ch\u00e2teaux du Pays Cathare sont d&#8217;impressionnants t\u00e9moins m\u00e9di\u00e9vaux.<\/p>\n<p>Trouvez des liens vers les ch\u00e2teaux individuels ci-dessous.<br \/>\nPlus d&#8217;infos sur <a href=\"http:\/\/www.audetourisme.com\/fr\/decouvrir\/histoire-et-patrimoine\/les-chateaux-du-pays-cathare.php\" target=\"_blank\" rel=\"noopener\">www.catharcastles.info<\/a><\/p>\n<div id=\"attachment_821\" style=\"width: 315px\" class=\"wp-caption alignleft\"><img loading=\"lazy\" decoding=\"async\" aria-describedby=\"caption-attachment-821\" src=\"http:\/\/www.leslabadous.fr\/wp-content\/uploads\/2018\/02\/Peyrepertuse-P1000433-sm-300x300.jpg\" alt=\"\" width=\"305\" height=\"305\" class=\" wp-image-821\" srcset=\"https:\/\/www.leslabadous.fr\/wp-content\/uploads\/2018\/02\/Peyrepertuse-P1000433-sm-300x300.jpg 300w, https:\/\/www.leslabadous.fr\/wp-content\/uploads\/2018\/02\/Peyrepertuse-P1000433-sm-150x150.jpg 150w, https:\/\/www.leslabadous.fr\/wp-content\/uploads\/2018\/02\/Peyrepertuse-P1000433-sm.jpg 454w\" sizes=\"auto, (max-width: 305px) 100vw, 305px\" \/><p id=\"caption-attachment-821\" class=\"wp-caption-text\">Ch\u00e2teau Peyrepertuse<\/p><\/div>\n<p style=\"padding-left: 30px;\">&#8211;\u00a0<a href=\"http:\/\/www.rennes-le-chateau.fr\" target=\"_blank\" rel=\"noopener\"><span class=\"style14\">Rennes le Ch\u00e2teau<\/span><\/a><br \/>\n&#8211; <a href=\"https:\/\/fr.wikipedia.org\/wiki\/Ch\u00e2teau_d%27Aguilar\" target=\"_blank\" rel=\"noopener\">Ch\u00e2teau d&#8217;Aguilars<\/a> (Tuchan)<br \/>\n&#8211;\u00a0<a href=\"http:\/\/www.chateau-arques.fr\/\" target=\"_blank\" rel=\"noopener\"><span class=\"style14\">Ch\u00e2teau d&#8217;Arques<\/span><\/a><br \/>\n&#8211; <a href=\"http:\/\/www.catharcastles.info\/foix.php\" target=\"_blank\" rel=\"noopener\">Ch\u00e2teau de Foix<\/a><br \/>\n&#8211;\u00a0<a href=\"http:\/\/www.montsegur.fr\/\" target=\"_blank\" rel=\"noopener\"><span class=\"style14\">Ch\u00e2teau de Monts\u00e9gur<\/span><\/a><br \/>\n&#8211;\u00a0<a href=\"http:\/\/www.chateau-de-puivert.com\/\" target=\"_blank\" rel=\"noopener\"><span class=\"style14\">Ch\u00e2teau de Puivert<\/span><\/a><br \/>\n&#8211;\u00a0<a href=\"http:\/\/www.chateau-peyrepertuse.com\/\" target=\"_blank\" rel=\"noopener\"><span class=\"style14\">Ch\u00e2teau de Peyrepertuse<\/span><\/a><br \/>\n&#8211;\u00a0<a href=\"http:\/\/www.week-end-tourisme.com\/france\/aude\/puylaurens.html\" target=\"_blank\" rel=\"noopener\"><span class=\"style14\">Ch\u00e2teau de Puilaurens<br \/>\n<\/span><\/a>&#8211;\u00a0<span class=\"style14\"><a href=\"http:\/\/les4chateaux-lastours.lwdsoftware.net\/\" target=\"_blank\" rel=\"noopener\">Les Quatre Ch\u00e2teaux de Lastours<br \/>\n&#8211; <\/a><a href=\"http:\/\/www.francethisway.com\/places\/chateau-queribus.php\" target=\"_blank\" rel=\"noopener\">Ch\u00e2teau de Qu\u00e9ribus<\/a><\/span><\/p>\n<p>Tous ces ch\u00e2teaux ne sont pas d&#8217;origine cathare et la plupart ont \u00e9t\u00e9 modifi\u00e9s apr\u00e8s le 13\u00e8me si\u00e8cle. Mais ils valent tous le d\u00e9tour, et beaucoup d&#8217;entre eux se trouvent dans des lieux fabuleux !<\/p>\n<div id=\"attachment_823\" style=\"width: 314px\" class=\"wp-caption aligncenter\"><img loading=\"lazy\" decoding=\"async\" aria-describedby=\"caption-attachment-823\" src=\"http:\/\/www.leslabadous.fr\/wp-content\/uploads\/2018\/02\/Carcassonne-300x147.jpg\" alt=\"\" width=\"304\" height=\"149\" class=\" wp-image-823\" srcset=\"https:\/\/www.leslabadous.fr\/wp-content\/uploads\/2018\/02\/Carcassonne-300x147.jpg 300w, https:\/\/www.leslabadous.fr\/wp-content\/uploads\/2018\/02\/Carcassonne-768x375.jpg 768w, https:\/\/www.leslabadous.fr\/wp-content\/uploads\/2018\/02\/Carcassonne.jpg 976w\" sizes=\"auto, (max-width: 304px) 100vw, 304px\" \/><p id=\"caption-attachment-823\" class=\"wp-caption-text\">Cit\u00e9 de Carcassonne<\/p><\/div>\n<p>Il en va de m\u00eame pour les puissantes structures militaires dans cette r\u00e9gion, notamment:<\/p>\n<p style=\"padding-left: 30px;\">&#8211;\u00a0<a href=\"http:\/\/www.odeaanaude.eu\/catalogaude2\/carcassonne-la-cite-p-373.html\" target=\"_blank\" rel=\"noopener\"><span class=\"style14\">Carcassonne, &#8216;La Cit\u00e9&#8217;<br \/>\n<\/span><\/a><a base=\"\" href=\"http:\/\/www.saintpapoul.fr\/\" target=\"_blank\" rel=\"noopener\"><span class=\"style14\">&#8211;\u00a0<\/span><\/a><a href=\"http:\/\/salses.monuments-nationaux.fr\/en\/\" target=\"_blank\" rel=\"noopener\">Forteresse de Salses<\/a>, pr\u00e8s de Perpignan<\/p>\n","protected":false},"excerpt":{"rendered":"<p>Les ch\u00e2teaux du Pays Cathare sont d&#8217;impressionnants t\u00e9moins m\u00e9di\u00e9vaux. Trouvez des liens vers les ch\u00e2teaux individuels ci-dessous. Plus d&#8217;infos sur www.catharcastles.info &#8211;\u00a0Rennes le Ch\u00e2teau &#8211; Ch\u00e2teau d&#8217;Aguilars (Tuchan) &#8211;\u00a0Ch\u00e2teau d&#8217;Arques &#8211; Ch\u00e2teau de Foix &#8211;\u00a0Ch\u00e2teau de Monts\u00e9gur &#8211;\u00a0Ch\u00e2teau de Puivert &#8211;\u00a0Ch\u00e2teau de Peyrepertuse &#8211;\u00a0Ch\u00e2teau de Puilaurens &#8211;\u00a0Les Quatre Ch\u00e2teaux de [&hellip;]<\/p>\n","protected":false},"author":2,"featured_media":475,"parent":0,"menu_order":0,"comment_status":"closed","ping_status":"closed","template":"","meta":{"footnotes":""},"class_list":["post-959","page","type-page","status-publish","has-post-thumbnail","hentry"],"_links":{"self":[{"href":"https:\/\/www.leslabadous.fr\/index.php?rest_route=\/wp\/v2\/pages\/959","targetHints":{"allow":["GET"]}}],"collection":[{"href":"https:\/\/www.leslabadous.fr\/index.php?rest_route=\/wp\/v2\/pages"}],"about":[{"href":"https:\/\/www.leslabadous.fr\/index.php?rest_route=\/wp\/v2\/types\/page"}],"author":[{"embeddable":true,"href":"https:\/\/www.leslabadous.fr\/index.php?rest_route=\/wp\/v2\/users\/2"}],"replies":[{"embeddable":true,"href":"https:\/\/www.leslabadous.fr\/index.php?rest_route=%2Fwp%2Fv2%2Fcomments&post=959"}],"version-history":[{"count":6,"href":"https:\/\/www.leslabadous.fr\/index.php?rest_route=\/wp\/v2\/pages\/959\/revisions"}],"predecessor-version":[{"id":1318,"href":"https:\/\/www.leslabadous.fr\/index.php?rest_route=\/wp\/v2\/pages\/959\/revisions\/1318"}],"wp:featuredmedia":[{"embeddable":true,"href":"https:\/\/www.leslabadous.fr\/index.php?rest_route=\/wp\/v2\/media\/475"}],"wp:attachment":[{"href":"https:\/\/www.leslabadous.fr\/index.php?rest_route=%2Fwp%2Fv2%2Fmedia&parent=959"}],"curies":[{"name":"wp","href":"https:\/\/api.w.org\/{rel}","templated":true}]}}