{"id":910,"date":"2018-03-05T07:03:26","date_gmt":"2018-03-05T06:03:26","guid":{"rendered":"http:\/\/www.leslabadous.fr\/water-copy\/"},"modified":"2018-03-05T08:30:23","modified_gmt":"2018-03-05T07:30:23","slug":"eau","status":"publish","type":"page","link":"https:\/\/www.leslabadous.fr\/?page_id=910","title":{"rendered":"Eau"},"content":{"rendered":"<h4>Qualit\u00e9<\/h4>\n<p>L&#8217;eau potable au Centre Les Labadous est excellente. Sa min\u00e9ralisation d\u00e9rive surtout de calcaires. Ceci donne une eau riche en calcium et carbonate, mais tr\u00e8s basse en sodium. Comparez sa composition \u00e0 celles de plusieurs eaux de table r\u00e9put\u00e9es:<a href=\"http:\/\/www.leslabadous.fr\/wp-content\/uploads\/2018\/03\/Water_Analyses-2018.tiff\"><img loading=\"lazy\" decoding=\"async\" src=\"http:\/\/www.leslabadous.fr\/wp-content\/uploads\/2018\/03\/Water_Analyses-2018.tiff\" alt=\"\" width=\"1\" height=\"1\" class=\"alignnone size-medium wp-image-901\" \/><\/a><\/p>\n<p><img loading=\"lazy\" decoding=\"async\" src=\"http:\/\/www.leslabadous.fr\/wp-content\/uploads\/2018\/03\/Eau-analyses-2018-300x205.jpg\" alt=\"\" width=\"449\" height=\"307\" class=\" wp-image-916 aligncenter\" srcset=\"https:\/\/www.leslabadous.fr\/wp-content\/uploads\/2018\/03\/Eau-analyses-2018-300x205.jpg 300w, https:\/\/www.leslabadous.fr\/wp-content\/uploads\/2018\/03\/Eau-analyses-2018-768x525.jpg 768w, https:\/\/www.leslabadous.fr\/wp-content\/uploads\/2018\/03\/Eau-analyses-2018-1024x700.jpg 1024w, https:\/\/www.leslabadous.fr\/wp-content\/uploads\/2018\/03\/Eau-analyses-2018.jpg 1785w\" sizes=\"auto, (max-width: 449px) 100vw, 449px\" \/><\/p>\n<p>Les authorit\u00e9s d&#8217;eaux testent r\u00e9guli\u00e8rement\u00a0la puret\u00e9 bact\u00e9riologique de notre eau.<\/p>\n<h4>Quantit\u00e9<\/h4>\n<p>Le sud de la France profite de beaucoup de soleil, par contre il y a peu de pr\u00e9cipitation.\u00a0Pendant l&#8217;\u00e9t\u00e9, vous constaterez peut-\u00eatre que la Ruisseau des Couleurs est \u00e0 sec.<br \/>\nL&#8217;eau est une ressource rare et pr\u00e9cieuse que nous t\u00e2chons de conserver.<br \/>\nVeuillez nous aider \u00e0 l&#8217;utiliser avec respect. Merci!<\/p>\n","protected":false},"excerpt":{"rendered":"<p>Qualit\u00e9 L&#8217;eau potable au Centre Les Labadous est excellente. Sa min\u00e9ralisation d\u00e9rive surtout de calcaires. Ceci donne une eau riche en calcium et carbonate, mais tr\u00e8s basse en sodium. Comparez sa composition \u00e0 celles de plusieurs eaux de table r\u00e9put\u00e9es: Les authorit\u00e9s d&#8217;eaux testent r\u00e9guli\u00e8rement\u00a0la puret\u00e9 bact\u00e9riologique de notre eau. [&hellip;]<\/p>\n","protected":false},"author":2,"featured_media":906,"parent":0,"menu_order":0,"comment_status":"closed","ping_status":"closed","template":"","meta":{"footnotes":""},"class_list":["post-910","page","type-page","status-publish","has-post-thumbnail","hentry"],"_links":{"self":[{"href":"https:\/\/www.leslabadous.fr\/index.php?rest_route=\/wp\/v2\/pages\/910","targetHints":{"allow":["GET"]}}],"collection":[{"href":"https:\/\/www.leslabadous.fr\/index.php?rest_route=\/wp\/v2\/pages"}],"about":[{"href":"https:\/\/www.leslabadous.fr\/index.php?rest_route=\/wp\/v2\/types\/page"}],"author":[{"embeddable":true,"href":"https:\/\/www.leslabadous.fr\/index.php?rest_route=\/wp\/v2\/users\/2"}],"replies":[{"embeddable":true,"href":"https:\/\/www.leslabadous.fr\/index.php?rest_route=%2Fwp%2Fv2%2Fcomments&post=910"}],"version-history":[{"count":7,"href":"https:\/\/www.leslabadous.fr\/index.php?rest_route=\/wp\/v2\/pages\/910\/revisions"}],"predecessor-version":[{"id":920,"href":"https:\/\/www.leslabadous.fr\/index.php?rest_route=\/wp\/v2\/pages\/910\/revisions\/920"}],"wp:featuredmedia":[{"embeddable":true,"href":"https:\/\/www.leslabadous.fr\/index.php?rest_route=\/wp\/v2\/media\/906"}],"wp:attachment":[{"href":"https:\/\/www.leslabadous.fr\/index.php?rest_route=%2Fwp%2Fv2%2Fmedia&parent=910"}],"curies":[{"name":"wp","href":"https:\/\/api.w.org\/{rel}","templated":true}]}}