{"id":82,"date":"2017-12-13T08:25:26","date_gmt":"2017-12-13T07:25:26","guid":{"rendered":"http:\/\/www.leslabadous.fr\/?p=82"},"modified":"2018-03-23T10:14:03","modified_gmt":"2018-03-23T09:14:03","slug":"museums-and-gardens","status":"publish","type":"page","link":"https:\/\/www.leslabadous.fr\/?page_id=82","title":{"rendered":"Museums and Gardens"},"content":{"rendered":"<p><strong>Museums<\/strong> in the area are dedicated to a wide range of topics, from natural history to the\u00a0arts and history:<\/p>\n<ul>\n<li><img loading=\"lazy\" decoding=\"async\" src=\"http:\/\/www.leslabadous.fr\/wp-content\/uploads\/2018\/01\/Sauni\u00e8re-Mus\u00e9e-205x300.jpg\" alt=\"\" width=\"205\" height=\"300\" class=\"size-medium wp-image-660 alignleft\" srcset=\"https:\/\/www.leslabadous.fr\/wp-content\/uploads\/2018\/01\/Sauni\u00e8re-Mus\u00e9e-205x300.jpg 205w, https:\/\/www.leslabadous.fr\/wp-content\/uploads\/2018\/01\/Sauni\u00e8re-Mus\u00e9e.jpg 244w\" sizes=\"auto, (max-width: 205px) 100vw, 205px\" \/><img loading=\"lazy\" decoding=\"async\" src=\"http:\/\/www.leslabadous.fr\/wp-content\/uploads\/2018\/01\/Amphoralis-mus\u00e9e-121x300.jpg\" alt=\"\" width=\"121\" height=\"300\" class=\"size-medium wp-image-539 alignright\" srcset=\"https:\/\/www.leslabadous.fr\/wp-content\/uploads\/2018\/01\/Amphoralis-mus\u00e9e-121x300.jpg 121w, https:\/\/www.leslabadous.fr\/wp-content\/uploads\/2018\/01\/Amphoralis-mus\u00e9e-768x1897.jpg 768w, https:\/\/www.leslabadous.fr\/wp-content\/uploads\/2018\/01\/Amphoralis-mus\u00e9e-415x1024.jpg 415w, https:\/\/www.leslabadous.fr\/wp-content\/uploads\/2018\/01\/Amphoralis-mus\u00e9e.jpg 1004w\" sizes=\"auto, (max-width: 121px) 100vw, 121px\" \/><a href=\"http:\/\/www.portail-rennes-le-chateau.com\/musee-rennes-le-chateau.html\" target=\"_blank\" rel=\"noopener\">Le Mus\u00e9e B\u00e9renger Sauni\u00e8re<\/a>: Documents and testimonies of Rennes-le-Ch\u00e2teau, from the time before the legendary priest to his life at\u00a0the village, the decisive role he took for its church, and his impact since\u2026<a href=\"http:\/\/www.dinosauria.org\/\"><\/a><\/li>\n<li><a href=\"http:\/\/www.dinosauria.org\/\">Le Mus\u00e9e des Dinosaures d\u2019<em>Esp\u00e9raza<\/em><\/a>: Display of important fossils found in the area, including spectacular dinosaurs. The museum also houses displays of the once important local industry, producing felt hats. Both extinct, but dinosaurs went earlier!<\/li>\n<li><a href=\"http:\/\/www.musee-piano-limoux.sitew.fr\" target=\"_blank\" rel=\"noopener\">Mus\u00e9e du Piano<\/a> (Limoux): Hundreds of pianos, history etc.<\/li>\n<li><a href=\"http:\/\/www.musee-petiet-limoux.sitew.fr\" target=\"_blank\" rel=\"noopener\">Mus\u00e9e de Peinture Petiet<\/a> (Limoux): Mostly 19th \/ 20th century paintings<\/li>\n<li><a href=\"http:\/\/www.musee-inquisition-carcassonne.com\/en\/\" target=\"_blank\" rel=\"noopener\">Museum of the Inquisition<\/a> located in the <a href=\"http:\/\/www.leslabadous.fr\/castles-and-fortresses-to-visit\/\" target=\"_blank\" rel=\"noopener\">Cit\u00e9<\/a>\u00a0of Carcassonne. It\u00a0shows elements of the torture and punishment against the Cathars.<\/li>\n<li><a href=\"https:\/\/maison-des-memoires.webnode.fr\" target=\"_blank\" rel=\"noopener\">Mus\u00e9e du Catharisme<\/a> (near Castres) explains 3 centuries of Christian tragedy.<\/li>\n<li><a href=\"http:\/\/www.prehistorictourist.com\/tautavel-museum\/\" target=\"_blank\" rel=\"noopener\">Tautavel Museum<\/a>\u00a0shows how our\u00a0predecessors lived\u00a0450&#8217;000 years ago\u00a0near\u00a0Arago cave.<\/li>\n<li><a href=\"http:\/\/www.narbonne-tourism.co.uk\/organiser\/having-fun\/118573-musee-dart-et-dhistoire\">Mus\u00e9e d&#8217;Art et d&#8217;Histoire<\/a>\u00a0(Narbonne)<a href=\"http:\/\/www.amisdesmusees-narbonne.org\/musees\/lapidaire.html\"><\/a><span style=\"color: #000000;\">:<\/span>\u00a0Collection of European art (16-19th century) and \u2026 tiles<\/li>\n<li><a href=\"http:\/\/www.enserune.monuments-nationaux.fr\/\">Mus\u00e9e National d&#8217;Ans\u00e9rine<\/a><span style=\"color: #000000;\">:<\/span> A history museum and archeological site of a Gaul city<\/li>\n<li><a href=\"http:\/\/culture.legrandnarbonne.com\/421-amphoralis.html\">Mus\u00e9e des Potiers Gallo-Romains d&#8217;Amphoralis<\/a><span style=\"color: #000000;\">: The museum is over an excavation site near Narbonne of a Gallo-Roman pottery.<\/span><\/li>\n<li><span style=\"color: #555555; font-size: 17px;\">Note:\u00a0<\/span><a href=\"http:\/\/www.amisdesmusees-narbonne.org\/musees\/lapidaire.html\" style=\"font-size: 17px;\">Mus\u00e9e Lapidaire<\/a><span style=\"color: #555555; font-size: 17px;\">\u00a0and\u00a0<\/span><a href=\"http:\/\/www.amisdesmusees-narbonne.org\/musees\/archeo.html\" style=\"font-size: 17px;\">Mus\u00e9e Arch\u00e9ologique de Narbonne<\/a><span style=\"color: #555555; font-size: 17px;\">\u00a0are closing in 2017.<br \/>\n<\/span><span style=\"color: #555555; font-size: 17px;\">A\u00a0grand new complex <\/span><em style=\"color: #555555; font-size: 17px;\">MuR\u00e9Na<\/em><span style=\"color: #555555; font-size: 17px;\">\u00a0will host their treasures and much more.<br \/>\nThis\u00a0<\/span><em style=\"color: #555555; font-size: 17px;\">Mus\u00e9e R\u00e9gional de la Narbonne Antique<\/em><span style=\"color: #555555; font-size: 17px;\">\u00a0is to open in 2018.<\/span><\/li>\n<\/ul>\n<p><strong>Gardens<\/strong>\u00a0inviting your visit include:<\/p>\n<ul>\n<li><a href=\"http:\/\/www.labouichere.com\/\">La Bouich\u00e8re &#8211; Jardin aux Plantes parfum\u00e9es<\/a>: A garden of fragrance \u2013 Patrick S\u00fcskind would love it.<\/li>\n<li><a href=\"https:\/\/www.papillonsdamarante.com\" target=\"_blank\" rel=\"noopener\">Les Papillons d&#8217;Amaranthe<\/a>: A world of plants and butterflies, several hundred species of each.<img loading=\"lazy\" decoding=\"async\" src=\"http:\/\/www.leslabadous.fr\/wp-content\/uploads\/2018\/02\/Sigean-nature-reserve-300x200.jpg\" alt=\"\" width=\"300\" height=\"200\" class=\"size-medium wp-image-699 alignright\" srcset=\"https:\/\/www.leslabadous.fr\/wp-content\/uploads\/2018\/02\/Sigean-nature-reserve-300x200.jpg 300w, https:\/\/www.leslabadous.fr\/wp-content\/uploads\/2018\/02\/Sigean-nature-reserve-360x240.jpg 360w, https:\/\/www.leslabadous.fr\/wp-content\/uploads\/2018\/02\/Sigean-nature-reserve.jpg 480w\" sizes=\"auto, (max-width: 300px) 100vw, 300px\" \/><\/li>\n<li><a href=\"http:\/\/www.francethisway.com\/places\/sigean-nature-reserve.php\" target=\"_blank\" rel=\"noopener\">Sigean African Nature Reserve<\/a>: Thousands of animals \u2013\u00a0<span>flamingos, rhinos, zebras, bears, lions\u2026 \u2013 in various habitats are\u00a0<\/span>roaming semi-freely over 300 hectares south of Narbonne.<\/li>\n<li><a href=\"http:\/\/www.picarel-cerf.com\/\">Elevage des biches de Picarel<\/a>: An animal farm with deer and fawns roaming freely. (Visits are possible for groups only and require a reservation.)<\/li>\n<\/ul>\n","protected":false},"excerpt":{"rendered":"<p>Museums in the area are dedicated to a wide range of topics, from natural history to the\u00a0arts and history: Le Mus\u00e9e B\u00e9renger Sauni\u00e8re: Documents and testimonies of Rennes-le-Ch\u00e2teau, from the time before the legendary priest to his life at\u00a0the village, the decisive role he took for its church, and his [&hellip;]<\/p>\n","protected":false},"author":2,"featured_media":537,"parent":0,"menu_order":0,"comment_status":"closed","ping_status":"closed","template":"","meta":{"footnotes":""},"class_list":["post-82","page","type-page","status-publish","has-post-thumbnail","hentry"],"_links":{"self":[{"href":"https:\/\/www.leslabadous.fr\/index.php?rest_route=\/wp\/v2\/pages\/82","targetHints":{"allow":["GET"]}}],"collection":[{"href":"https:\/\/www.leslabadous.fr\/index.php?rest_route=\/wp\/v2\/pages"}],"about":[{"href":"https:\/\/www.leslabadous.fr\/index.php?rest_route=\/wp\/v2\/types\/page"}],"author":[{"embeddable":true,"href":"https:\/\/www.leslabadous.fr\/index.php?rest_route=\/wp\/v2\/users\/2"}],"replies":[{"embeddable":true,"href":"https:\/\/www.leslabadous.fr\/index.php?rest_route=%2Fwp%2Fv2%2Fcomments&post=82"}],"version-history":[{"count":21,"href":"https:\/\/www.leslabadous.fr\/index.php?rest_route=\/wp\/v2\/pages\/82\/revisions"}],"predecessor-version":[{"id":1157,"href":"https:\/\/www.leslabadous.fr\/index.php?rest_route=\/wp\/v2\/pages\/82\/revisions\/1157"}],"wp:featuredmedia":[{"embeddable":true,"href":"https:\/\/www.leslabadous.fr\/index.php?rest_route=\/wp\/v2\/media\/537"}],"wp:attachment":[{"href":"https:\/\/www.leslabadous.fr\/index.php?rest_route=%2Fwp%2Fv2%2Fmedia&parent=82"}],"curies":[{"name":"wp","href":"https:\/\/api.w.org\/{rel}","templated":true}]}}