{"id":482,"date":"2018-01-10T15:57:57","date_gmt":"2018-01-10T14:57:57","guid":{"rendered":"http:\/\/www.leslabadous.fr\/?page_id=482"},"modified":"2023-06-11T10:44:45","modified_gmt":"2023-06-11T09:44:45","slug":"comment-nous-trouver","status":"publish","type":"page","link":"https:\/\/www.leslabadous.fr\/?page_id=482","title":{"rendered":"Comment nous trouver"},"content":{"rendered":"<p>Les <strong>a\u00e9roports<\/strong> les plus proches sont <em>Carcassonne<\/em> et <em>Perpignan<\/em>, mais <a href=\"http:\/\/www.toulouse.aeroport.fr\" target=\"_blank\" rel=\"noopener\"><em>Toulouse-Blagnac\u00a0<\/em><\/a>offre bien plus de vols. Comptez deux heures pour la route de Toulouse aux Labadous (voir carte), moins d&#8217;une heure de Carcassonne.<\/p>\n<p>Les <strong>transports en commun<\/strong> vous conduiront \u00e0 <em>Couiza<\/em>, une petite ville de la vall\u00e9e de l&#8217;Aude, \u00e0 7 km des Labadous. Vous pouvez rejoindre Les Labadous en taxi, mais il est certainement avantageux de louer une voiture, aussi pour atteindre les magasins, restaurants, banques et autres infrastructures.<\/p>\n<p>Si vous arrivez<strong> en voiture<\/strong>, ne vous fiez pas \u00e0 votre syst\u00e8me de navigation pour les 10 derniers kilom\u00e8tres qui vous s\u00e9parent des Labadous (sinon, vous risquez d&#8217;\u00eatre orient\u00e9 vers une route accident\u00e9e qui n\u00e9cessite un v\u00e9hicule \u00e0 quatre roues motrices). Au lieu de cela :<\/p>\n<p>&#8211; <em>Depuis Carcassonne<\/em>, prendre la D118 jusqu&#8217;\u00e0 Limoux. Traversez Limoux en direction de Quillan, toujours sur la D118. Lorsque vous arrivez \u00e0 Couiza, prenez la deuxi\u00e8me \u00e0 gauche apr\u00e8s les feux de signalisation et continuez sur la D52 en direction de Rennes-Le-Ch\u00e2teau.<br \/>\n&#8211; <em>Depuis Quillan<\/em>, prendre la D118 en direction de Carcassonne. Restez sur la D118 jusqu&#8217;\u00e0 Couiza. Dans le village, ne manquez pas de tourner \u00e0 droite sur la D52 en direction de Rennes-Le-Ch\u00e2teau.<br \/>\nPUIS&#8230;<br \/>\nUne fois sur la D52, suivez cette route sinueuse en direction de Rennes-le-Ch\u00e2teau. Apr\u00e8s 2,5 km, vous arriverez \u00e0 une fourche \u00e0 trois voies. La route principale tourne \u00e0 droite et continue jusqu&#8217;\u00e0 Rennes. Au lieu de cela, vous prenez la route tout droit, en ignorant le panneau d&#8217;interdiction d&#8217;acc\u00e8s. Descendez un peu et prenez la premi\u00e8re \u00e0 droite. Un panneau bleu indique Les Labadous, qui vous attendent en bas de la pente, \u00e0 droite de la route, nich\u00e9s au milieu de grands arbres.<\/p>\n<p><iframe loading=\"lazy\" width=\"600\" height=\"450\" style=\"border: 1;\" src=\"https:\/\/www.google.com\/maps\/embed?pb=!1m18!1m12!1m3!1d46913.425914826454!2d2.2313608040448756!3d42.91618708064626!2m3!1f0!2f0!3f0!3m2!1i1024!2i768!4f13.1!3m3!1m2!1s0x12afc37de4b64c35%3A0x53622dd33d7010bd!2sLes+Labadous!5e0!3m2!1sen!2sch!4v1513153130093\" allowfullscreen=\"allowfullscreen\" data-mce-fragment=\"1\" frameborder=\"0\"><\/iframe><\/p>\n","protected":false},"excerpt":{"rendered":"<p>Les a\u00e9roports les plus proches sont Carcassonne et Perpignan, mais Toulouse-Blagnac\u00a0offre bien plus de vols. Comptez deux heures pour la route de Toulouse aux Labadous (voir carte), moins d&#8217;une heure de Carcassonne. Les transports en commun vous conduiront \u00e0 Couiza, une petite ville de la vall\u00e9e de l&#8217;Aude, \u00e0 7 [&hellip;]<\/p>\n","protected":false},"author":1,"featured_media":481,"parent":0,"menu_order":0,"comment_status":"closed","ping_status":"closed","template":"","meta":{"footnotes":""},"class_list":["post-482","page","type-page","status-publish","has-post-thumbnail","hentry"],"_links":{"self":[{"href":"https:\/\/www.leslabadous.fr\/index.php?rest_route=\/wp\/v2\/pages\/482","targetHints":{"allow":["GET"]}}],"collection":[{"href":"https:\/\/www.leslabadous.fr\/index.php?rest_route=\/wp\/v2\/pages"}],"about":[{"href":"https:\/\/www.leslabadous.fr\/index.php?rest_route=\/wp\/v2\/types\/page"}],"author":[{"embeddable":true,"href":"https:\/\/www.leslabadous.fr\/index.php?rest_route=\/wp\/v2\/users\/1"}],"replies":[{"embeddable":true,"href":"https:\/\/www.leslabadous.fr\/index.php?rest_route=%2Fwp%2Fv2%2Fcomments&post=482"}],"version-history":[{"count":4,"href":"https:\/\/www.leslabadous.fr\/index.php?rest_route=\/wp\/v2\/pages\/482\/revisions"}],"predecessor-version":[{"id":1639,"href":"https:\/\/www.leslabadous.fr\/index.php?rest_route=\/wp\/v2\/pages\/482\/revisions\/1639"}],"wp:featuredmedia":[{"embeddable":true,"href":"https:\/\/www.leslabadous.fr\/index.php?rest_route=\/wp\/v2\/media\/481"}],"wp:attachment":[{"href":"https:\/\/www.leslabadous.fr\/index.php?rest_route=%2Fwp%2Fv2%2Fmedia&parent=482"}],"curies":[{"name":"wp","href":"https:\/\/api.w.org\/{rel}","templated":true}]}}