{"id":347,"date":"2018-01-10T16:03:05","date_gmt":"2018-01-10T15:03:05","guid":{"rendered":"http:\/\/www.leslabadous.fr\/?page_id=347"},"modified":"2018-04-20T13:58:51","modified_gmt":"2018-04-20T12:58:51","slug":"centre-les-labadous-un-endroit-pour-vous-trouver","status":"publish","type":"page","link":"https:\/\/www.leslabadous.fr\/?page_id=347","title":{"rendered":"Centre Les Labadous : Un endroit pour vous trouver"},"content":{"rendered":"<p>Le Centre est un lieu exceptionnel pour les groupes et les individus.\u00a0Nous sommes heureux de vous accueillir et de vous fournir toutes les informations n\u00e9cessaires pour votre programme, qu&#8217;il s&#8217;agisse\u00a0de m\u00e9ditation, de yoga, de relaxation ou de d\u00e9couverte culturelle, spirituelle, gastronomique.<\/p>\n<p style=\"text-align: justify;\">Jusqu&#8217;\u00e0 25 personnes peuvent \u00eatre h\u00e9berg\u00e9es dans des chambres confortables (simples ou doubles), des studios ind\u00e9pendants (avec coin cuisine, 2-3 lits) ou des appartements (3-4 lits). Pour les groupes, nous proposons le petit d\u00e9jeuner (\u00e0 partir de 6 personnes), le d\u00e9jeuner et le d\u00eener (\u00e0 partir de 10 personnes, style table d&#8217;h\u00f4te). Notre cuisine raffin\u00e9e est bas\u00e9e sur les produits locaux frais et biologiques.<\/p>\n<p>Notre salle de r\u00e9union est id\u00e9ale pour les activit\u00e9s, la m\u00e9ditation, les cours \u2013 ou simplement pour des r\u00e9unions agr\u00e9ables autour de la grande chemin\u00e9e. Sont \u00e0 votre disposition des installations de projection ou d&#8217;\u00e9quipement de yoga.<\/p>\n","protected":false},"excerpt":{"rendered":"<p>Le Centre est un lieu exceptionnel pour les groupes et les individus.\u00a0Nous sommes heureux de vous accueillir et de vous fournir toutes les informations n\u00e9cessaires pour votre programme, qu&#8217;il s&#8217;agisse\u00a0de m\u00e9ditation, de yoga, de relaxation ou de d\u00e9couverte culturelle, spirituelle, gastronomique. Jusqu&#8217;\u00e0 25 personnes peuvent \u00eatre h\u00e9berg\u00e9es dans des chambres [&hellip;]<\/p>\n","protected":false},"author":1,"featured_media":484,"parent":0,"menu_order":0,"comment_status":"closed","ping_status":"closed","template":"","meta":{"footnotes":""},"class_list":["post-347","page","type-page","status-publish","has-post-thumbnail","hentry"],"_links":{"self":[{"href":"https:\/\/www.leslabadous.fr\/index.php?rest_route=\/wp\/v2\/pages\/347","targetHints":{"allow":["GET"]}}],"collection":[{"href":"https:\/\/www.leslabadous.fr\/index.php?rest_route=\/wp\/v2\/pages"}],"about":[{"href":"https:\/\/www.leslabadous.fr\/index.php?rest_route=\/wp\/v2\/types\/page"}],"author":[{"embeddable":true,"href":"https:\/\/www.leslabadous.fr\/index.php?rest_route=\/wp\/v2\/users\/1"}],"replies":[{"embeddable":true,"href":"https:\/\/www.leslabadous.fr\/index.php?rest_route=%2Fwp%2Fv2%2Fcomments&post=347"}],"version-history":[{"count":9,"href":"https:\/\/www.leslabadous.fr\/index.php?rest_route=\/wp\/v2\/pages\/347\/revisions"}],"predecessor-version":[{"id":1282,"href":"https:\/\/www.leslabadous.fr\/index.php?rest_route=\/wp\/v2\/pages\/347\/revisions\/1282"}],"wp:featuredmedia":[{"embeddable":true,"href":"https:\/\/www.leslabadous.fr\/index.php?rest_route=\/wp\/v2\/media\/484"}],"wp:attachment":[{"href":"https:\/\/www.leslabadous.fr\/index.php?rest_route=%2Fwp%2Fv2%2Fmedia&parent=347"}],"curies":[{"name":"wp","href":"https:\/\/api.w.org\/{rel}","templated":true}]}}