{"id":1544,"date":"2020-07-13T07:30:13","date_gmt":"2020-07-13T06:30:13","guid":{"rendered":"https:\/\/www.leslabadous.fr\/coronavirus-information-copy\/"},"modified":"2020-07-13T07:46:16","modified_gmt":"2020-07-13T06:46:16","slug":"informations-re-coronavirus","status":"publish","type":"page","link":"https:\/\/www.leslabadous.fr\/?page_id=1544","title":{"rendered":"Informations concernant Coronavirus"},"content":{"rendered":"<p>Pour assurer la s\u00e9curit\u00e9 de nos clients et de notre personnel, le Centre Les Labadous a pris des mesures sp\u00e9cifiques sur la base des r\u00e8gles et recommandations mises en place par les autorit\u00e9s sanitaires fran\u00e7aises concernant Covid-19.<\/p>\n<p>Nos lignes de conduite d\u00e9finissent les responsabilit\u00e9s mutuelles y compris<br \/>\n\u2022 les r\u00e8gles de distanciation sociale pendant les repas et toute activit\u00e9 dans les salles communes<br \/>\n\u2022 nettoyage suppl\u00e9mentaire assurant des normes d&#8217;hygi\u00e8ne \u00e9lev\u00e9es<br \/>\n\u2022 ventilation fr\u00e9quente des pi\u00e8ces, simplifications organisationnelles, etc.<\/p>\n<p>Pour que ces mesures soient efficaces, une coop\u00e9ration responsable de tous est n\u00e9cessaire. En travaillant ensemble la s\u00e9curit\u00e9 et le confort sont assur\u00e9s pour tous.<\/p>\n<p><img loading=\"lazy\" decoding=\"async\" src=\"https:\/\/www.leslabadous.fr\/wp-content\/uploads\/2020\/07\/165ef475-39bc-4417-815d-947faa1043e8-2-300x169.jpg\" alt=\"\" class=\"alignnone size-medium wp-image-1525 aligncenter\" width=\"300\" height=\"169\" srcset=\"https:\/\/www.leslabadous.fr\/wp-content\/uploads\/2020\/07\/165ef475-39bc-4417-815d-947faa1043e8-2-300x169.jpg 300w, https:\/\/www.leslabadous.fr\/wp-content\/uploads\/2020\/07\/165ef475-39bc-4417-815d-947faa1043e8-2-768x432.jpg 768w, https:\/\/www.leslabadous.fr\/wp-content\/uploads\/2020\/07\/165ef475-39bc-4417-815d-947faa1043e8-2-1024x576.jpg 1024w, https:\/\/www.leslabadous.fr\/wp-content\/uploads\/2020\/07\/165ef475-39bc-4417-815d-947faa1043e8-2.jpg 1280w\" sizes=\"auto, (max-width: 300px) 100vw, 300px\" \/><\/p>\n<p style=\"text-align: center;\">Profitez de l&#8217;harmonie et de la paix aux Labadous!<\/p>\n","protected":false},"excerpt":{"rendered":"<p>Pour assurer la s\u00e9curit\u00e9 de nos clients et de notre personnel, le Centre Les Labadous a pris des mesures sp\u00e9cifiques sur la base des r\u00e8gles et recommandations mises en place par les autorit\u00e9s sanitaires fran\u00e7aises concernant Covid-19. Nos lignes de conduite d\u00e9finissent les responsabilit\u00e9s mutuelles y compris \u2022 les r\u00e8gles [&hellip;]<\/p>\n","protected":false},"author":2,"featured_media":1526,"parent":0,"menu_order":0,"comment_status":"closed","ping_status":"closed","template":"","meta":{"footnotes":""},"class_list":["post-1544","page","type-page","status-publish","has-post-thumbnail","hentry"],"_links":{"self":[{"href":"https:\/\/www.leslabadous.fr\/index.php?rest_route=\/wp\/v2\/pages\/1544","targetHints":{"allow":["GET"]}}],"collection":[{"href":"https:\/\/www.leslabadous.fr\/index.php?rest_route=\/wp\/v2\/pages"}],"about":[{"href":"https:\/\/www.leslabadous.fr\/index.php?rest_route=\/wp\/v2\/types\/page"}],"author":[{"embeddable":true,"href":"https:\/\/www.leslabadous.fr\/index.php?rest_route=\/wp\/v2\/users\/2"}],"replies":[{"embeddable":true,"href":"https:\/\/www.leslabadous.fr\/index.php?rest_route=%2Fwp%2Fv2%2Fcomments&post=1544"}],"version-history":[{"count":4,"href":"https:\/\/www.leslabadous.fr\/index.php?rest_route=\/wp\/v2\/pages\/1544\/revisions"}],"predecessor-version":[{"id":1549,"href":"https:\/\/www.leslabadous.fr\/index.php?rest_route=\/wp\/v2\/pages\/1544\/revisions\/1549"}],"wp:featuredmedia":[{"embeddable":true,"href":"https:\/\/www.leslabadous.fr\/index.php?rest_route=\/wp\/v2\/media\/1526"}],"wp:attachment":[{"href":"https:\/\/www.leslabadous.fr\/index.php?rest_route=%2Fwp%2Fv2%2Fmedia&parent=1544"}],"curies":[{"name":"wp","href":"https:\/\/api.w.org\/{rel}","templated":true}]}}