{"id":1351,"date":"2018-04-23T15:37:29","date_gmt":"2018-04-23T14:37:29","guid":{"rendered":"http:\/\/www.leslabadous.fr\/prices-2t-copy-copy\/"},"modified":"2025-12-03T14:50:19","modified_gmt":"2025-12-03T13:50:19","slug":"prices-2t-copy-copy","status":"publish","type":"page","link":"https:\/\/www.leslabadous.fr\/?page_id=1351","title":{"rendered":"Prix"},"content":{"rendered":"\n<figure class=\"wp-block-image size-full is-resized\"><img loading=\"lazy\" decoding=\"async\" width=\"439\" height=\"230\" src=\"https:\/\/www.leslabadous.fr\/wp-content\/uploads\/2025\/12\/ListePrix-2026-1-e1764769711503.jpg\" alt=\"\" class=\"wp-image-1691\" style=\"width:695px;height:auto\" srcset=\"https:\/\/www.leslabadous.fr\/wp-content\/uploads\/2025\/12\/ListePrix-2026-1-e1764769711503.jpg 439w, https:\/\/www.leslabadous.fr\/wp-content\/uploads\/2025\/12\/ListePrix-2026-1-e1764769711503-300x157.jpg 300w\" sizes=\"auto, (max-width: 439px) 100vw, 439px\" \/><\/figure>\n\n\n\n<p><strong>Des tarifs sp\u00e9ciaux s&#8217;appliquent pour les groupes (location de 8 unit\u00e9s ou plus).<\/strong><\/p>\n\n\n\n<p>Choisissez l\u2019unit\u00e9 qui vous convient le mieux :<\/p>\n\n\n\n<ul class=\"wp-block-list\">\n<li><strong>Chambre simple<\/strong>: <a href=\"http:\/\/www.leslabadous.fr\/tournesol\/\" target=\"_blank\" rel=\"noreferrer noopener\">Tournesol<\/a><\/li>\n\n\n\n<li><strong>Chambres doubles<\/strong>: <a href=\"http:\/\/www.leslabadous.fr\/citron\/\" target=\"_blank\" rel=\"noreferrer noopener\">Citron<\/a>, <a href=\"http:\/\/www.leslabadous.fr\/olive\/\" target=\"_blank\" rel=\"noreferrer noopener\">Olive<\/a>, <a href=\"http:\/\/www.leslabadous.fr\/orange\/\" target=\"_blank\" rel=\"noreferrer noopener\">Orange<\/a>, <a href=\"http:\/\/www.leslabadous.fr\/lavande\/\" target=\"_blank\" rel=\"noreferrer noopener\">Lavande<\/a><\/li>\n\n\n\n<li><strong>G\u00eetes <\/strong>(studios): <a href=\"http:\/\/www.leslabadous.fr\/basilic\/\" target=\"_blank\" rel=\"noreferrer noopener\">Basilic<\/a>, <a href=\"http:\/\/www.leslabadous.fr\/bourrache\/\" target=\"_blank\" rel=\"noreferrer noopener\">Bourrache<\/a>, <a href=\"http:\/\/www.leslabadous.fr\/marjolaine\/\" target=\"_blank\" rel=\"noreferrer noopener\">Marjolaine<\/a>, <a href=\"http:\/\/www.leslabadous.fr\/romarin-2\/\" target=\"_blank\" rel=\"noreferrer noopener\">Romarin<\/a><\/li>\n\n\n\n<li><strong>Appartements<\/strong>: <a href=\"http:\/\/www.leslabadous.fr\/les-anges\/\" target=\"_blank\" rel=\"noreferrer noopener\">Les Anges<\/a>, <a href=\"http:\/\/www.leslabadous.fr\/le-ciel\/\" target=\"_blank\" rel=\"noreferrer noopener\">Le Ciel<\/a><\/li>\n<\/ul>\n\n\n\n<p>Nous demandons un s\u00e9jour minimum de <strong>trois jours <\/strong>pour une r\u00e9servation. Contactez-nous pour tout renseignement et les r\u00e9servations.<\/p>\n","protected":false},"excerpt":{"rendered":"<p>Des tarifs sp\u00e9ciaux s&#8217;appliquent pour les groupes (location de 8 unit\u00e9s ou plus). Choisissez l\u2019unit\u00e9 qui vous convient le mieux : Nous demandons un s\u00e9jour minimum de trois jours pour une r\u00e9servation. Contactez-nous pour tout renseignement et les r\u00e9servations.<\/p>\n","protected":false},"author":2,"featured_media":454,"parent":0,"menu_order":0,"comment_status":"closed","ping_status":"closed","template":"","meta":{"footnotes":""},"class_list":["post-1351","page","type-page","status-publish","has-post-thumbnail","hentry"],"_links":{"self":[{"href":"https:\/\/www.leslabadous.fr\/index.php?rest_route=\/wp\/v2\/pages\/1351","targetHints":{"allow":["GET"]}}],"collection":[{"href":"https:\/\/www.leslabadous.fr\/index.php?rest_route=\/wp\/v2\/pages"}],"about":[{"href":"https:\/\/www.leslabadous.fr\/index.php?rest_route=\/wp\/v2\/types\/page"}],"author":[{"embeddable":true,"href":"https:\/\/www.leslabadous.fr\/index.php?rest_route=\/wp\/v2\/users\/2"}],"replies":[{"embeddable":true,"href":"https:\/\/www.leslabadous.fr\/index.php?rest_route=%2Fwp%2Fv2%2Fcomments&post=1351"}],"version-history":[{"count":13,"href":"https:\/\/www.leslabadous.fr\/index.php?rest_route=\/wp\/v2\/pages\/1351\/revisions"}],"predecessor-version":[{"id":1692,"href":"https:\/\/www.leslabadous.fr\/index.php?rest_route=\/wp\/v2\/pages\/1351\/revisions\/1692"}],"wp:featuredmedia":[{"embeddable":true,"href":"https:\/\/www.leslabadous.fr\/index.php?rest_route=\/wp\/v2\/media\/454"}],"wp:attachment":[{"href":"https:\/\/www.leslabadous.fr\/index.php?rest_route=%2Fwp%2Fv2%2Fmedia&parent=1351"}],"curies":[{"name":"wp","href":"https:\/\/api.w.org\/{rel}","templated":true}]}}