{"id":1224,"date":"2018-03-29T16:23:36","date_gmt":"2018-03-29T15:23:36","guid":{"rendered":"http:\/\/www.leslabadous.fr\/centre-les-labadous-a-place-to-find-your-self-copy\/"},"modified":"2018-07-17T19:45:34","modified_gmt":"2018-07-17T18:45:34","slug":"centre-les-labadous-a-place-to-find-your-self-copy","status":"publish","type":"page","link":"https:\/\/www.leslabadous.fr\/?page_id=1224","title":{"rendered":"Centre Les Labadous: Ein Ort, um sich zu finden"},"content":{"rendered":"<p style=\"text-align: justify;\"><img loading=\"lazy\" decoding=\"async\" src=\"http:\/\/www.leslabadous.fr\/wp-content\/uploads\/2018\/01\/Aerial-LL2SE-DJI_0062-sm-300x300.jpg\" alt=\"\" class=\" wp-image-519 alignleft\" width=\"349\" height=\"349\" srcset=\"https:\/\/www.leslabadous.fr\/wp-content\/uploads\/2018\/01\/Aerial-LL2SE-DJI_0062-sm-300x300.jpg 300w, https:\/\/www.leslabadous.fr\/wp-content\/uploads\/2018\/01\/Aerial-LL2SE-DJI_0062-sm-150x150.jpg 150w, https:\/\/www.leslabadous.fr\/wp-content\/uploads\/2018\/01\/Aerial-LL2SE-DJI_0062-sm-768x767.jpg 768w, https:\/\/www.leslabadous.fr\/wp-content\/uploads\/2018\/01\/Aerial-LL2SE-DJI_0062-sm-1024x1022.jpg 1024w, https:\/\/www.leslabadous.fr\/wp-content\/uploads\/2018\/01\/Aerial-LL2SE-DJI_0062-sm.jpg 1124w\" sizes=\"auto, (max-width: 349px) 100vw, 349px\" \/>Centre Les Labadous ist bei Gruppen und G\u00e4sten sehr beliebt, egal ob sie vor allem Entspannung suchen oder ob ein Tagesprogramm Aktivit\u00e4ten vor Ort oder Entdeckungen rund herum umfasst \u2013\u00a0seien diese kulturell, spirituell oder gastronomisch ausgerichtet. F\u00fcr Exkursionen zu Fuss, per Auto oder Fahrrad\u2026 bieten wir gerne Informationen und Unterst\u00fctzung an.<\/p>\n<p style=\"text-align: justify;\">Bis zu 25 G\u00e4ste finden bei uns Platz in gem\u00fctlichen Zimmern mit Bad, in gut ausger\u00fcsteten Studios mit Kochnische, oder Wohnungen samt K\u00fcche. F\u00fcr Gruppen gen\u00fcgender Gr\u00f6sse bieten wir Fr\u00fchst\u00fcck, Mittag- und Nachtessen im Stil von &#8220;table d&#8217;h\u00f4te&#8221; an. Unsere feine K\u00fcche legt viel Wert auf frische und lokale Produkte, soweit m\u00f6glich Bio.\u00a0<img loading=\"lazy\" decoding=\"async\" src=\"http:\/\/www.leslabadous.fr\/wp-content\/uploads\/2018\/02\/PyrTable-Axel-1-300x236.jpg\" alt=\"\" class=\"size-medium wp-image-797 alignright\" width=\"300\" height=\"236\" srcset=\"https:\/\/www.leslabadous.fr\/wp-content\/uploads\/2018\/02\/PyrTable-Axel-1-300x236.jpg 300w, https:\/\/www.leslabadous.fr\/wp-content\/uploads\/2018\/02\/PyrTable-Axel-1-768x603.jpg 768w, https:\/\/www.leslabadous.fr\/wp-content\/uploads\/2018\/02\/PyrTable-Axel-1-1024x804.jpg 1024w\" sizes=\"auto, (max-width: 300px) 100vw, 300px\" \/><\/p>\n<p>Unser grosser Gruppenraum ist ideal geeignet f\u00fcr gemeinsame Aktivit\u00e4ten, Meditation, Kurse\u2026 \u2013 oder einfach f\u00fcr geselliges Zusammensein vor dem Chemin\u00e9e. Ben\u00f6tigen Sie einen Projektor oder Material f\u00fcr Yoga? Alles verf\u00fcgbar, und mehr.<\/p>\n<p><img loading=\"lazy\" decoding=\"async\" src=\"http:\/\/www.leslabadous.fr\/wp-content\/uploads\/2018\/01\/Tower-sunset-P1060702-sm-300x169.jpg\" alt=\"\" class=\" wp-image-561 alignleft\" width=\"355\" height=\"200\" srcset=\"https:\/\/www.leslabadous.fr\/wp-content\/uploads\/2018\/01\/Tower-sunset-P1060702-sm-300x169.jpg 300w, https:\/\/www.leslabadous.fr\/wp-content\/uploads\/2018\/01\/Tower-sunset-P1060702-sm-768x432.jpg 768w, https:\/\/www.leslabadous.fr\/wp-content\/uploads\/2018\/01\/Tower-sunset-P1060702-sm-1024x576.jpg 1024w, https:\/\/www.leslabadous.fr\/wp-content\/uploads\/2018\/01\/Tower-sunset-P1060702-sm.jpg 1280w\" sizes=\"auto, (max-width: 355px) 100vw, 355px\" \/>Besuchen Sie uns in<span>\u00a0dieser Gegend voll Sonne, Geschichte und Legenden. Und\u00a0entdecken Sie sich selbst neu.<\/span><\/p>\n<p>Detaillierte Informationen zum Angebot sind auf Englisch und Franz\u00f6sisch abrufbar. <a href=\"http:\/\/www.leslabadous.fr\/anfrage\/\" target=\"_blank\" rel=\"noopener\">Anfragen<\/a> auf Deutsch beantworten wir aber gerne.<\/p>\n","protected":false},"excerpt":{"rendered":"<p>Centre Les Labadous ist bei Gruppen und G\u00e4sten sehr beliebt, egal ob sie vor allem Entspannung suchen oder ob ein Tagesprogramm Aktivit\u00e4ten vor Ort oder Entdeckungen rund herum umfasst \u2013\u00a0seien diese kulturell, spirituell oder gastronomisch ausgerichtet. F\u00fcr Exkursionen zu Fuss, per Auto oder Fahrrad\u2026 bieten wir gerne Informationen und Unterst\u00fctzung [&hellip;]<\/p>\n","protected":false},"author":2,"featured_media":189,"parent":0,"menu_order":0,"comment_status":"closed","ping_status":"closed","template":"","meta":{"footnotes":""},"class_list":["post-1224","page","type-page","status-publish","has-post-thumbnail","hentry"],"_links":{"self":[{"href":"https:\/\/www.leslabadous.fr\/index.php?rest_route=\/wp\/v2\/pages\/1224","targetHints":{"allow":["GET"]}}],"collection":[{"href":"https:\/\/www.leslabadous.fr\/index.php?rest_route=\/wp\/v2\/pages"}],"about":[{"href":"https:\/\/www.leslabadous.fr\/index.php?rest_route=\/wp\/v2\/types\/page"}],"author":[{"embeddable":true,"href":"https:\/\/www.leslabadous.fr\/index.php?rest_route=\/wp\/v2\/users\/2"}],"replies":[{"embeddable":true,"href":"https:\/\/www.leslabadous.fr\/index.php?rest_route=%2Fwp%2Fv2%2Fcomments&post=1224"}],"version-history":[{"count":5,"href":"https:\/\/www.leslabadous.fr\/index.php?rest_route=\/wp\/v2\/pages\/1224\/revisions"}],"predecessor-version":[{"id":1375,"href":"https:\/\/www.leslabadous.fr\/index.php?rest_route=\/wp\/v2\/pages\/1224\/revisions\/1375"}],"wp:featuredmedia":[{"embeddable":true,"href":"https:\/\/www.leslabadous.fr\/index.php?rest_route=\/wp\/v2\/media\/189"}],"wp:attachment":[{"href":"https:\/\/www.leslabadous.fr\/index.php?rest_route=%2Fwp%2Fv2%2Fmedia&parent=1224"}],"curies":[{"name":"wp","href":"https:\/\/api.w.org\/{rel}","templated":true}]}}